{"id":7247,"date":"2018-09-13T10:34:27","date_gmt":"2018-09-13T09:34:27","guid":{"rendered":"http:\/\/petitvip.com\/professionnel\/contact\/"},"modified":"2020-08-21T12:45:42","modified_gmt":"2020-08-21T11:45:42","slug":"contact","status":"publish","type":"page","link":"https:\/\/petitvip.com\/fr\/professionnel\/contact\/","title":{"rendered":"Contact"},"content":{"rendered":"<div class=\"wpb-content-wrapper\"><p>[vc_row equal_height=\u00a0\u00bbyes\u00a0\u00bb content_placement=\u00a0\u00bbmiddle\u00a0\u00bb css=\u00a0\u00bb.vc_custom_1580344185144{padding-top: 50px !important;padding-bottom: 50px !important;background-color: #f5f5f5 !important;}\u00a0\u00bb responsive_css=\u00a0\u00bbpadding_top_medium:100px\u00a0\u00bb][vc_column align=\u00a0\u00bbtext-center\u00a0\u00bb offset=\u00a0\u00bbvc_col-md-offset-3 vc_col-md-6&Prime;]<style>.ld_fancy_heading_69f10496afb5f h2 {margin-top:0px !important; margin-bottom:0px !important;  } .ld_fancy_heading_69f10496afb5f .lqd-highlight-inner{height:0.275em;bottom:0px;}.ld_fancy_heading_69f10496afb5f h2 {margin-top:0px !important; margin-bottom:0px !important;  } <\/style><div class=\"ld-fancy-heading ld_fancy_heading_69f10496afb5f\">\n\t<h2 class=\"lqd-highlight-underline lqd-highlight-grow-bottom\" data-fittext=\"true\" data-fittext-options='{\"compressor\":0.8,\"maxFontSize\":\"currentFontSize\",\"minFontSize\":\"32\"}'><span class=\"ld-fh-txt\"> Mettre des \u00e9toiles dans les yeux des enfants<\/span><\/h2><\/div>[\/vc_column][\/vc_row][vc_row bg_position=\u00a0\u00bbright bottom\u00a0\u00bb css=\u00a0\u00bb.vc_custom_1580224865264{padding-bottom: 120px !important;background-color: #f5f5f5 !important;background-position: 0 0 !important;background-repeat: no-repeat !important;}\u00a0\u00bb responsive_css=\u00a0\u00bbpadding_top_small:0px\u00a0\u00bb][vc_column enable_column_shadowbox=\u00a0\u00bbyes\u00a0\u00bb css=\u00a0\u00bb.vc_custom_1580224735456{background-color: #ffffff !important;}\u00a0\u00bb column_box_shadow=\u00a0\u00bb%5B%7B%22x_offset%22%3A%220%22%2C%22y_offset%22%3A%2255px%22%2C%22blur_radius%22%3A%2270px%22%2C%22shadow_color%22%3A%22rgba(0%2C%200%2C%200%2C%200.075)%22%7D%5D\u00a0\u00bb][vc_row_inner equal_height=\u00a0\u00bbyes\u00a0\u00bb content_placement=\u00a0\u00bbmiddle\u00a0\u00bb][vc_column_inner offset=\u00a0\u00bbvc_col-lg-4 vc_col-md-5&Prime; css=\u00a0\u00bb.vc_custom_1580380142346{background-image: url(http:\/\/petitvip.com\/wp-content\/uploads\/2020\/01\/petitvip-contact.jpg?id=5605) !important;background-position: center !important;background-repeat: no-repeat !important;background-size: cover !important;}\u00a0\u00bb responsive_css=\u00a0\u00bbpadding_left_small:0px\u00a0\u00bb][\/vc_column_inner][vc_column_inner offset=\u00a0\u00bbvc_col-md-8&Prime; css=\u00a0\u00bb.vc_custom_1537969561545{padding-top: 40px !important;padding-right: 30px !important;padding-bottom: 40px !important;padding-left: 30px !important;}\u00a0\u00bb responsive_css=\u00a0\u00bbpadding_right_medium:45px|padding_left_medium:15px\u00a0\u00bb]<div class=\"wpforms-container wpforms-container-full\" id=\"wpforms-7245\"><form id=\"wpforms-form-7245\" class=\"wpforms-validate wpforms-form wpforms-ajax-form\" data-formid=\"7245\" method=\"post\" enctype=\"multipart\/form-data\" action=\"\/fr\/wp-json\/wp\/v2\/pages\/7247\" data-token=\"29f66ed6831ed42d9c58871a33a230e8\" data-token-time=\"1777403030\"><noscript class=\"wpforms-error-noscript\">Veuillez activer JavaScript dans votre navigateur pour remplir ce formulaire.<\/noscript><div class=\"wpforms-field-container\"><div id=\"wpforms-7245-field_20-container\" class=\"wpforms-field wpforms-field-name\" data-field-id=\"20\"><label class=\"wpforms-field-label\" for=\"wpforms-7245-field_20\">Votre nom <span class=\"wpforms-required-label\">*<\/span><\/label><div class=\"wpforms-field-row wpforms-field-large\"><div class=\"wpforms-field-row-block wpforms-first wpforms-one-half\"><input type=\"text\" id=\"wpforms-7245-field_20\" class=\"wpforms-field-name-first wpforms-field-required\" name=\"wpforms[fields][20][first]\" placeholder=\"Pr\u00e9nom\" required><label for=\"wpforms-7245-field_20\" class=\"wpforms-field-sublabel after wpforms-sublabel-hide\">Pr\u00e9nom<\/label><\/div><div class=\"wpforms-field-row-block wpforms-one-half\"><input type=\"text\" id=\"wpforms-7245-field_20-last\" class=\"wpforms-field-name-last wpforms-field-required\" name=\"wpforms[fields][20][last]\" placeholder=\"Nom de famille\" required><label for=\"wpforms-7245-field_20-last\" class=\"wpforms-field-sublabel after wpforms-sublabel-hide\">Nom<\/label><\/div><\/div><\/div><div id=\"wpforms-7245-field_42-container\" class=\"wpforms-field wpforms-field-radio wpforms-list-2-columns\" data-field-id=\"42\"><label class=\"wpforms-field-label\">Votre poste <span class=\"wpforms-required-label\">*<\/span><\/label><ul id=\"wpforms-7245-field_42\" class=\"wpforms-field-required\"><li class=\"choice-1 depth-1\"><input type=\"radio\" id=\"wpforms-7245-field_42_1\" name=\"wpforms[fields][42]\" value=\"Propri\u00e9taire\" required ><label class=\"wpforms-field-label-inline\" for=\"wpforms-7245-field_42_1\">Propri\u00e9taire<\/label><\/li><li class=\"choice-3 depth-1\"><input type=\"radio\" id=\"wpforms-7245-field_42_3\" name=\"wpforms[fields][42]\" value=\"Directeur Marketing\" required ><label class=\"wpforms-field-label-inline\" for=\"wpforms-7245-field_42_3\">Directeur Marketing<\/label><\/li><li class=\"choice-4 depth-1\"><input type=\"radio\" id=\"wpforms-7245-field_42_4\" name=\"wpforms[fields][42]\" value=\"Responsable Animation\" required ><label class=\"wpforms-field-label-inline\" for=\"wpforms-7245-field_42_4\">Responsable Animation<\/label><\/li><li class=\"choice-2 depth-1\"><input type=\"radio\" id=\"wpforms-7245-field_42_2\" name=\"wpforms[fields][42]\" value=\"PDG\" required ><label class=\"wpforms-field-label-inline\" for=\"wpforms-7245-field_42_2\">PDG<\/label><\/li><li class=\"choice-6 depth-1\"><input type=\"radio\" id=\"wpforms-7245-field_42_6\" name=\"wpforms[fields][42]\" value=\"Directeur Commercial\" required ><label class=\"wpforms-field-label-inline\" for=\"wpforms-7245-field_42_6\">Directeur Commercial<\/label><\/li><li class=\"choice-5 depth-1\"><input type=\"radio\" id=\"wpforms-7245-field_42_5\" name=\"wpforms[fields][42]\" value=\"Autre\" required ><label class=\"wpforms-field-label-inline\" for=\"wpforms-7245-field_42_5\">Autre<\/label><\/li><\/ul><\/div><div id=\"wpforms-7245-field_3-container\" class=\"wpforms-field wpforms-field-phone\" data-field-id=\"3\"><label class=\"wpforms-field-label\" for=\"wpforms-7245-field_3\">Votre t\u00e9l\u00e9phone <span class=\"wpforms-required-label\">*<\/span><\/label><input type=\"tel\" id=\"wpforms-7245-field_3\" class=\"wpforms-field-large wpforms-field-required wpforms-smart-phone-field\" data-rule-smart-phone-field=\"true\" name=\"wpforms[fields][3]\" placeholder=\"Num\u00e9ro de t\u00e9l\u00e9phone\" aria-label=\"Votre t\u00e9l\u00e9phone\" required><\/div><div id=\"wpforms-7245-field_2-container\" class=\"wpforms-field wpforms-field-email\" data-field-id=\"2\"><label class=\"wpforms-field-label\" for=\"wpforms-7245-field_2\">Votre email <span class=\"wpforms-required-label\">*<\/span><\/label><input type=\"email\" id=\"wpforms-7245-field_2\" class=\"wpforms-field-large wpforms-field-required\" name=\"wpforms[fields][2]\" placeholder=\"Adresse email\" spellcheck=\"false\" required><\/div><div id=\"wpforms-7245-field_43-container\" class=\"wpforms-field wpforms-field-checkbox\" data-field-id=\"43\"><label class=\"wpforms-field-label\">Je souhaite <span class=\"wpforms-required-label\">*<\/span><\/label><ul id=\"wpforms-7245-field_43\" class=\"wpforms-field-required\"><li class=\"choice-1 depth-1\"><input type=\"checkbox\" id=\"wpforms-7245-field_43_1\" name=\"wpforms[fields][43][]\" value=\"Une consultation gratuite\" required ><label class=\"wpforms-field-label-inline\" for=\"wpforms-7245-field_43_1\">Une consultation gratuite<\/label><\/li><li class=\"choice-2 depth-1\"><input type=\"checkbox\" id=\"wpforms-7245-field_43_2\" name=\"wpforms[fields][43][]\" value=\"Am\u00e9liorer les installations ou les services de mon offre famille\" required ><label class=\"wpforms-field-label-inline\" for=\"wpforms-7245-field_43_2\">Am\u00e9liorer les installations ou les services de mon offre famille<\/label><\/li><li class=\"choice-3 depth-1\"><input type=\"checkbox\" id=\"wpforms-7245-field_43_3\" name=\"wpforms[fields][43][]\" value=\"\u00catre certifi\u00e9 Petit VIP\" required ><label class=\"wpforms-field-label-inline\" for=\"wpforms-7245-field_43_3\">\u00catre certifi\u00e9 Petit VIP<\/label><\/li><li class=\"choice-5 depth-1\"><input type=\"checkbox\" id=\"wpforms-7245-field_43_5\" name=\"wpforms[fields][43][]\" value=\"Organiser un \u00e9v\u00e9nement d\u2019entreprise pour enfants\" required ><label class=\"wpforms-field-label-inline\" for=\"wpforms-7245-field_43_5\">Organiser un \u00e9v\u00e9nement d\u2019entreprise pour enfants<\/label><\/li><li class=\"choice-4 depth-1\"><input type=\"checkbox\" id=\"wpforms-7245-field_43_4\" name=\"wpforms[fields][43][]\" value=\"M&#039;informer sur les emplois dans le secteur de l&#039;encadrement des enfants\" required ><label class=\"wpforms-field-label-inline\" for=\"wpforms-7245-field_43_4\">M'informer sur les emplois dans le secteur de l'encadrement des enfants<\/label><\/li><\/ul><\/div><div id=\"wpforms-7245-field_23-container\" class=\"wpforms-field wpforms-field-textarea\" data-field-id=\"23\"><label class=\"wpforms-field-label\" for=\"wpforms-7245-field_23\">Vos commentaires<\/label><textarea id=\"wpforms-7245-field_23\" class=\"wpforms-field-small\" name=\"wpforms[fields][23]\" placeholder=\"Entrez vos commentaires\u2026\" ><\/textarea><\/div><div id=\"wpforms-7245-field_44-container\" class=\"wpforms-field wpforms-field-mailchimp\" data-field-id=\"44\"><ul id=\"\" class=\"\"><li class=\"choice-0 depth-1\"><input type=\"checkbox\" id=\"wpforms-7245-field_44_0\" name=\"wpforms[fields][44]\" value=\"1\"  checked='checked' ><label class=\"wpforms-field-label-inline\" for=\"wpforms-7245-field_44_0\">S'inscrire \u00e0 notre newsletter ?<\/label><\/li><\/ul><\/div><div id=\"wpforms-7245-field_38-container\" class=\"wpforms-field wpforms-field-checkbox\" data-field-id=\"38\"><label class=\"wpforms-field-label wpforms-label-hide\">D\u00e9claration de confidentialit\u00e9 <span class=\"wpforms-required-label\">*<\/span><\/label><ul id=\"wpforms-7245-field_38\" class=\"wpforms-field-required\"><li class=\"choice-1 depth-1\"><input type=\"checkbox\" id=\"wpforms-7245-field_38_1\" name=\"wpforms[fields][38][]\" value=\"J&#039;accepte la d\u00e9claration de confidentialit\u00e9\" required ><label class=\"wpforms-field-label-inline\" for=\"wpforms-7245-field_38_1\">J'accepte la d\u00e9claration de confidentialit\u00e9<\/label><\/li><\/ul><div class=\"wpforms-field-description\">Les champs marqu\u00e9s d'un ast\u00e9risque sont obligatoires. Si les informations ne sont pas remplies, nous ne pourrons pas traiter votre demande. Nous tenons \u00e0 vous informer que les donn\u00e9es vous concernant seront informatis\u00e9es et trait\u00e9es de mani\u00e8re confidentielle. Conform\u00e9ment au r\u00e8glement g\u00e9n\u00e9ral sur la protection des donn\u00e9es (UE) 2016\/679 (GDPR), vous avez le droit d'acc\u00e9der \u00e0 vos donn\u00e9es personnelles, de les modifier ou de les supprimer. Nous pouvons partager ces informations avec nos filiales, sauf indication contraire de votre part.<\/div><\/div><\/div><!-- .wpforms-field-container --><div class=\"wpforms-field wpforms-field-hp\"><label for=\"wpforms-7245-field-hp\" class=\"wpforms-field-label\">Phone<\/label><input type=\"text\" name=\"wpforms[hp]\" id=\"wpforms-7245-field-hp\" class=\"wpforms-field-medium\"><\/div><div class=\"wpforms-recaptcha-container wpforms-is-recaptcha wpforms-is-recaptcha-type-v2\" ><div class=\"g-recaptcha\" data-sitekey=\"6Le-zKIaAAAAALb_Qb5KDEwJxNeIdIvaShB3W1u1\"><\/div><input type=\"text\" name=\"g-recaptcha-hidden\" class=\"wpforms-recaptcha-hidden\" style=\"position:absolute!important;clip:rect(0,0,0,0)!important;height:1px!important;width:1px!important;border:0!important;overflow:hidden!important;padding:0!important;margin:0!important;\" data-rule-recaptcha=\"1\"><\/div><div class=\"wpforms-submit-container\" ><input type=\"hidden\" name=\"wpforms[id]\" value=\"7245\"><input type=\"hidden\" name=\"page_title\" value=\"\"><input type=\"hidden\" name=\"page_url\" value=\"https:\/\/petitvip.com\/fr\/wp-json\/wp\/v2\/pages\/7247\"><input type=\"hidden\" name=\"url_referer\" value=\"\"><button type=\"submit\" name=\"wpforms[submit]\" id=\"wpforms-submit-7245\" class=\"wpforms-submit\" data-alt-text=\"Envoi en cours\u2026\" data-submit-text=\"ENVOYER\" aria-live=\"assertive\" value=\"wpforms-submit\">ENVOYER<\/button><img decoding=\"async\" src=\"https:\/\/petitvip.com\/wp-content\/plugins\/wpforms\/assets\/images\/submit-spin.svg\" class=\"wpforms-submit-spinner\" style=\"display: none;\" width=\"26\" height=\"26\" alt=\"Chargement en cours\"><\/div><\/form><\/div>  <!-- .wpforms-container -->[\/vc_column_inner][\/vc_row_inner][\/vc_column][\/vc_row]<\/p>\n<\/div>","protected":false},"excerpt":{"rendered":"<p>[vc_row equal_height=\u00a0\u00bbyes\u00a0\u00bb content_placement=\u00a0\u00bbmiddle\u00a0\u00bb css=\u00a0\u00bb.vc_custom_1580344185144{padding-top: 50px !important;padding-bottom: 50px !important;background-color: #f5f5f5 !important;}\u00a0\u00bb responsive_css=\u00a0\u00bbpadding_top_medium:100px\u00a0\u00bb][vc_column align=\u00a0\u00bbtext-center\u00a0\u00bb offset=\u00a0\u00bbvc_col-md-offset-3 vc_col-md-6&Prime;][\/vc_column][\/vc_row][vc_row bg_position=\u00a0\u00bbright&#8230;<\/p>\n","protected":false},"author":1,"featured_media":6644,"parent":7227,"menu_order":0,"comment_status":"closed","ping_status":"closed","template":"","meta":{"footnotes":""},"class_list":["post-7247","page","type-page","status-publish","has-post-thumbnail","hentry"],"yoast_head":"<!-- This site is optimized with the Yoast SEO plugin v27.3 - https:\/\/yoast.com\/product\/yoast-seo-wordpress\/ -->\n<title>Petit VIP | Contact<\/title>\n<meta name=\"robots\" content=\"index, follow, max-snippet:-1, max-image-preview:large, max-video-preview:-1\" \/>\n<link rel=\"canonical\" href=\"https:\/\/petitvip.com\/fr\/professionnel\/contact\/\" \/>\n<meta property=\"og:locale\" content=\"fr_FR\" \/>\n<meta property=\"og:type\" content=\"article\" \/>\n<meta property=\"og:title\" content=\"Petit VIP | Contact\" \/>\n<meta property=\"og:description\" content=\"[vc_row equal_height=\u00a0\u00bbyes\u00a0\u00bb content_placement=\u00a0\u00bbmiddle\u00a0\u00bb css=\u00a0\u00bb.vc_custom_1580344185144{padding-top: 50px !important;padding-bottom: 50px !important;background-color: #f5f5f5 !important;}\u00a0\u00bb responsive_css=\u00a0\u00bbpadding_top_medium:100px\u00a0\u00bb][vc_column align=\u00a0\u00bbtext-center\u00a0\u00bb offset=\u00a0\u00bbvc_col-md-offset-3 vc_col-md-6&Prime;][\/vc_column][\/vc_row][vc_row bg_position=\u00a0\u00bbright...\" \/>\n<meta property=\"og:url\" content=\"https:\/\/petitvip.com\/fr\/professionnel\/contact\/\" \/>\n<meta property=\"og:site_name\" content=\"Petit VIP\" \/>\n<meta property=\"article:modified_time\" content=\"2020-08-21T11:45:42+00:00\" \/>\n<meta property=\"og:image\" content=\"https:\/\/petitvip.com\/wp-content\/uploads\/2019\/11\/petitvip-favicon.png\" \/>\n\t<meta property=\"og:image:width\" content=\"512\" \/>\n\t<meta property=\"og:image:height\" content=\"512\" \/>\n\t<meta property=\"og:image:type\" content=\"image\/png\" \/>\n<meta name=\"twitter:card\" content=\"summary_large_image\" \/>\n<meta name=\"twitter:label1\" content=\"Dur\u00e9e de lecture estim\u00e9e\" \/>\n\t<meta name=\"twitter:data1\" content=\"1 minute\" \/>\n<script type=\"application\/ld+json\" class=\"yoast-schema-graph\">{\"@context\":\"https:\\\/\\\/schema.org\",\"@graph\":[{\"@type\":\"WebPage\",\"@id\":\"https:\\\/\\\/petitvip.com\\\/fr\\\/professionnel\\\/contact\\\/\",\"url\":\"https:\\\/\\\/petitvip.com\\\/fr\\\/professionnel\\\/contact\\\/\",\"name\":\"Petit VIP | Contact\",\"isPartOf\":{\"@id\":\"https:\\\/\\\/petitvip.com\\\/fr\\\/#website\"},\"primaryImageOfPage\":{\"@id\":\"https:\\\/\\\/petitvip.com\\\/fr\\\/professionnel\\\/contact\\\/#primaryimage\"},\"image\":{\"@id\":\"https:\\\/\\\/petitvip.com\\\/fr\\\/professionnel\\\/contact\\\/#primaryimage\"},\"thumbnailUrl\":\"https:\\\/\\\/petitvip.com\\\/wp-content\\\/uploads\\\/2019\\\/11\\\/petitvip-favicon.png\",\"datePublished\":\"2018-09-13T09:34:27+00:00\",\"dateModified\":\"2020-08-21T11:45:42+00:00\",\"breadcrumb\":{\"@id\":\"https:\\\/\\\/petitvip.com\\\/fr\\\/professionnel\\\/contact\\\/#breadcrumb\"},\"inLanguage\":\"fr-FR\",\"potentialAction\":[{\"@type\":\"ReadAction\",\"target\":[\"https:\\\/\\\/petitvip.com\\\/fr\\\/professionnel\\\/contact\\\/\"]}]},{\"@type\":\"ImageObject\",\"inLanguage\":\"fr-FR\",\"@id\":\"https:\\\/\\\/petitvip.com\\\/fr\\\/professionnel\\\/contact\\\/#primaryimage\",\"url\":\"https:\\\/\\\/petitvip.com\\\/wp-content\\\/uploads\\\/2019\\\/11\\\/petitvip-favicon.png\",\"contentUrl\":\"https:\\\/\\\/petitvip.com\\\/wp-content\\\/uploads\\\/2019\\\/11\\\/petitvip-favicon.png\",\"width\":512,\"height\":512},{\"@type\":\"BreadcrumbList\",\"@id\":\"https:\\\/\\\/petitvip.com\\\/fr\\\/professionnel\\\/contact\\\/#breadcrumb\",\"itemListElement\":[{\"@type\":\"ListItem\",\"position\":1,\"name\":\"Accueil\",\"item\":\"https:\\\/\\\/petitvip.com\\\/fr\\\/\"},{\"@type\":\"ListItem\",\"position\":2,\"name\":\"Professionnel\",\"item\":\"https:\\\/\\\/petitvip.com\\\/fr\\\/professionnel\\\/\"},{\"@type\":\"ListItem\",\"position\":3,\"name\":\"Contact\"}]},{\"@type\":\"WebSite\",\"@id\":\"https:\\\/\\\/petitvip.com\\\/fr\\\/#website\",\"url\":\"https:\\\/\\\/petitvip.com\\\/fr\\\/\",\"name\":\"Petit VIP\",\"description\":\"More than a Kids Club\",\"potentialAction\":[{\"@type\":\"SearchAction\",\"target\":{\"@type\":\"EntryPoint\",\"urlTemplate\":\"https:\\\/\\\/petitvip.com\\\/fr\\\/?s={search_term_string}\"},\"query-input\":{\"@type\":\"PropertyValueSpecification\",\"valueRequired\":true,\"valueName\":\"search_term_string\"}}],\"inLanguage\":\"fr-FR\"}]}<\/script>\n<!-- \/ Yoast SEO plugin. -->","yoast_head_json":{"title":"Petit VIP | Contact","robots":{"index":"index","follow":"follow","max-snippet":"max-snippet:-1","max-image-preview":"max-image-preview:large","max-video-preview":"max-video-preview:-1"},"canonical":"https:\/\/petitvip.com\/fr\/professionnel\/contact\/","og_locale":"fr_FR","og_type":"article","og_title":"Petit VIP | Contact","og_description":"[vc_row equal_height=\u00a0\u00bbyes\u00a0\u00bb content_placement=\u00a0\u00bbmiddle\u00a0\u00bb css=\u00a0\u00bb.vc_custom_1580344185144{padding-top: 50px !important;padding-bottom: 50px !important;background-color: #f5f5f5 !important;}\u00a0\u00bb responsive_css=\u00a0\u00bbpadding_top_medium:100px\u00a0\u00bb][vc_column align=\u00a0\u00bbtext-center\u00a0\u00bb offset=\u00a0\u00bbvc_col-md-offset-3 vc_col-md-6&Prime;][\/vc_column][\/vc_row][vc_row bg_position=\u00a0\u00bbright...","og_url":"https:\/\/petitvip.com\/fr\/professionnel\/contact\/","og_site_name":"Petit VIP","article_modified_time":"2020-08-21T11:45:42+00:00","og_image":[{"width":512,"height":512,"url":"https:\/\/petitvip.com\/wp-content\/uploads\/2019\/11\/petitvip-favicon.png","type":"image\/png"}],"twitter_card":"summary_large_image","twitter_misc":{"Dur\u00e9e de lecture estim\u00e9e":"1 minute"},"schema":{"@context":"https:\/\/schema.org","@graph":[{"@type":"WebPage","@id":"https:\/\/petitvip.com\/fr\/professionnel\/contact\/","url":"https:\/\/petitvip.com\/fr\/professionnel\/contact\/","name":"Petit VIP | Contact","isPartOf":{"@id":"https:\/\/petitvip.com\/fr\/#website"},"primaryImageOfPage":{"@id":"https:\/\/petitvip.com\/fr\/professionnel\/contact\/#primaryimage"},"image":{"@id":"https:\/\/petitvip.com\/fr\/professionnel\/contact\/#primaryimage"},"thumbnailUrl":"https:\/\/petitvip.com\/wp-content\/uploads\/2019\/11\/petitvip-favicon.png","datePublished":"2018-09-13T09:34:27+00:00","dateModified":"2020-08-21T11:45:42+00:00","breadcrumb":{"@id":"https:\/\/petitvip.com\/fr\/professionnel\/contact\/#breadcrumb"},"inLanguage":"fr-FR","potentialAction":[{"@type":"ReadAction","target":["https:\/\/petitvip.com\/fr\/professionnel\/contact\/"]}]},{"@type":"ImageObject","inLanguage":"fr-FR","@id":"https:\/\/petitvip.com\/fr\/professionnel\/contact\/#primaryimage","url":"https:\/\/petitvip.com\/wp-content\/uploads\/2019\/11\/petitvip-favicon.png","contentUrl":"https:\/\/petitvip.com\/wp-content\/uploads\/2019\/11\/petitvip-favicon.png","width":512,"height":512},{"@type":"BreadcrumbList","@id":"https:\/\/petitvip.com\/fr\/professionnel\/contact\/#breadcrumb","itemListElement":[{"@type":"ListItem","position":1,"name":"Accueil","item":"https:\/\/petitvip.com\/fr\/"},{"@type":"ListItem","position":2,"name":"Professionnel","item":"https:\/\/petitvip.com\/fr\/professionnel\/"},{"@type":"ListItem","position":3,"name":"Contact"}]},{"@type":"WebSite","@id":"https:\/\/petitvip.com\/fr\/#website","url":"https:\/\/petitvip.com\/fr\/","name":"Petit VIP","description":"More than a Kids Club","potentialAction":[{"@type":"SearchAction","target":{"@type":"EntryPoint","urlTemplate":"https:\/\/petitvip.com\/fr\/?s={search_term_string}"},"query-input":{"@type":"PropertyValueSpecification","valueRequired":true,"valueName":"search_term_string"}}],"inLanguage":"fr-FR"}]}},"_links":{"self":[{"href":"https:\/\/petitvip.com\/fr\/wp-json\/wp\/v2\/pages\/7247","targetHints":{"allow":["GET"]}}],"collection":[{"href":"https:\/\/petitvip.com\/fr\/wp-json\/wp\/v2\/pages"}],"about":[{"href":"https:\/\/petitvip.com\/fr\/wp-json\/wp\/v2\/types\/page"}],"author":[{"embeddable":true,"href":"https:\/\/petitvip.com\/fr\/wp-json\/wp\/v2\/users\/1"}],"replies":[{"embeddable":true,"href":"https:\/\/petitvip.com\/fr\/wp-json\/wp\/v2\/comments?post=7247"}],"version-history":[{"count":0,"href":"https:\/\/petitvip.com\/fr\/wp-json\/wp\/v2\/pages\/7247\/revisions"}],"up":[{"embeddable":true,"href":"https:\/\/petitvip.com\/fr\/wp-json\/wp\/v2\/pages\/7227"}],"wp:featuredmedia":[{"embeddable":true,"href":"https:\/\/petitvip.com\/fr\/wp-json\/wp\/v2\/media\/6644"}],"wp:attachment":[{"href":"https:\/\/petitvip.com\/fr\/wp-json\/wp\/v2\/media?parent=7247"}],"curies":[{"name":"wp","href":"https:\/\/api.w.org\/{rel}","templated":true}]}}