{"id":7386,"date":"2019-11-23T11:21:42","date_gmt":"2019-11-23T10:21:42","guid":{"rendered":"http:\/\/petitvip.com\/petit-vip\/"},"modified":"2022-02-03T16:36:02","modified_gmt":"2022-02-03T15:36:02","slug":"petit-vip","status":"publish","type":"page","link":"https:\/\/petitvip.com\/fr\/","title":{"rendered":"Petit VIP"},"content":{"rendered":"<div class=\"wpb-content-wrapper\"><p>[vc_row full_width=\u00a0\u00bbstretch_row\u00a0\u00bb gap=\u00a0\u00bb0&Prime; full_height=\u00a0\u00bbyes\u00a0\u00bb content_placement=\u00a0\u00bbmiddle\u00a0\u00bb enable_content_animation=\u00a0\u00bbyes\u00a0\u00bb ca_init_scale_x=\u00a0\u00bb1&Prime; ca_init_scale_y=\u00a0\u00bb1&Prime; ca_init_scale_z=\u00a0\u00bb1&Prime; ca_init_opacity=\u00a0\u00bb1&Prime; ca_an_scale_x=\u00a0\u00bb1&Prime; ca_an_scale_y=\u00a0\u00bb1&Prime; ca_an_scale_z=\u00a0\u00bb1&Prime; ca_an_opacity=\u00a0\u00bb1&Prime; enable_overlay=\u00a0\u00bbyes\u00a0\u00bb css=\u00a0\u00bb.vc_custom_1583672702911{background-image: url(http:\/\/petitvip.com\/wp-content\/uploads\/2019\/11\/petitvip-header-01.jpg?id=4097) !important;background-position: center !important;background-repeat: no-repeat !important;background-size: cover !important;}\u00a0\u00bb row_hide=\u00a0\u00bbhidden-xs hidden-sm\u00a0\u00bb overlay_bg=\u00a0\u00bblinear-gradient(90deg, rgba(0, 0, 0, 0.6) 0%, rgba(5, 0, 5, 0) 64.64968152866243%)\u00a0\u00bb][vc_column enable_content_animation=\u00a0\u00bbyes\u00a0\u00bb animation_preset=\u00a0\u00bbFade In Up\u00a0\u00bb offset=\u00a0\u00bbvc_col-lg-offset-2 vc_col-lg-5 vc_col-md-offset-1 vc_col-md-6&Prime; css=\u00a0\u00bb.vc_custom_1587639389711{padding-top: 6% !important;padding-right: 6% !important;padding-bottom: 4% !important;padding-left: 6% !important;background-position: center !important;background-repeat: no-repeat !important;background-size: cover !important;}\u00a0\u00bb][vc_row_inner][vc_column_inner enable_content_animation=\u00a0\u00bbyes\u00a0\u00bb ca_init_scale_x=\u00a0\u00bb1&Prime; ca_init_scale_y=\u00a0\u00bb1&Prime; ca_init_scale_z=\u00a0\u00bb1&Prime; ca_init_opacity=\u00a0\u00bb0&Prime; ca_an_scale_x=\u00a0\u00bb1&Prime; ca_an_scale_y=\u00a0\u00bb1&Prime; ca_an_scale_z=\u00a0\u00bb1&Prime; ca_an_opacity=\u00a0\u00bb1&Prime; ca_duration=\u00a0\u00bb1200&Prime; ca_start_delay=\u00a0\u00bb800&Prime; ca_init_translate_y=\u00a0\u00bb40&Prime; ca_init_translate_z=\u00a0\u00bb101&Prime; ca_init_rotate_x=\u00a0\u00bb-52&Prime;]<style>.ld_fancy_heading_69dbc509c9d91 h1 {margin-top:0px !important; margin-bottom:0px !important;  } .ld_fancy_heading_69dbc509c9d91 .lqd-highlight-inner{height:0.275em;bottom:0px;}.ld_fancy_heading_69dbc509c9d91 h1 {margin-top:0px !important; margin-bottom:0px !important;  } <\/style><div class=\"ld-fancy-heading ld_fancy_heading_69dbc509c9d91\">\n\t<h1 class=\"lqd-highlight-underline lqd-highlight-grow-left\" data-fittext=\"true\" data-fittext-options='{\"compressor\":0.65,\"maxFontSize\":\"currentFontSize\",\"minFontSize\":\"30\"}' data-split-text=\"true\" data-custom-animations=\"true\" data-ca-options='{\"triggerHandler\":\"inview\",\"animationTarget\":\".lqd-lines .split-inner\",\"duration\":700,\"delay\":100,\"easing\":\"easeOutQuint\",\"direction\":\"forward\",\"initValues\":{\"scale\":1},\"animations\":{\"scale\":1}}' data-split-options='{\"type\":\"lines\"}'><span class=\"ld-fh-txt\"> Bien plus<br \/>\nqu&rsquo;un\u00a0Kids Club<\/span><\/h1><\/div>[vc_empty_space height=\u00a0\u00bb20px\u00a0\u00bb][vc_column_text]<span style=\"font-size: 18px;\"><span style=\"color: #ffffff;\">Petit VIP cr\u00e9\u00e9 des \u00e9motions et des exp\u00e9riences ind\u00e9l\u00e9biles \u00e0 l&rsquo;international<\/span><\/span>[\/vc_column_text][vc_empty_space height=\u00a0\u00bb30px\u00a0\u00bb]<style>.ld_button_69dbc509cb213.btn-icon-solid .btn-icon{background:rgb(255, 255, 255);}.ld_button_69dbc509cb213.btn-icon-circle.btn-icon-ripple .btn-icon:before{border-color:rgb(255, 255, 255);}.ld_button_69dbc509cb213{color:rgb(255, 255, 255);border-color:rgb(255, 255, 255);font-weight:500 !important;letter-spacing:-0.025em !important;}.ld_button_69dbc509cb213:hover{background-color:rgb(255, 255, 255);color:rgb(150, 127, 75);}<\/style><a href=\"http:\/\/petitvip.com\/fr\/famille\/\" title=\"Famille\" class=\"btn btn-default semi-round btn-bordered border-thin ld_button_69dbc509cb213 vc_custom_1586260201549\">\n\t<span>\n\t\t\n\t\t\t\t\t<span class=\"btn-txt\">FAMILLE<\/span>\n\t\t\t\n\t<span class=\"btn-icon\"><i class=\"icon-ion-ios-arrow-forward\"><\/i><\/span>\t\t\t<\/span>\n<\/a>\n<style>.ld_button_69dbc509ccfa9.btn-icon-solid .btn-icon{background:rgb(255, 255, 255);}.ld_button_69dbc509ccfa9.btn-icon-circle.btn-icon-ripple .btn-icon:before{border-color:rgb(255, 255, 255);}.ld_button_69dbc509ccfa9{color:rgb(255, 255, 255);border-color:rgb(255, 255, 255);font-weight:500 !important;letter-spacing:-0.025em !important;}.ld_button_69dbc509ccfa9:hover{background-color:rgb(255, 255, 255);color:rgb(150, 127, 75);}<\/style><a href=\"http:\/\/petitvip.com\/fr\/professionnel\/\" title=\"Professionnel\" class=\"btn btn-default semi-round btn-bordered border-thin ld_button_69dbc509ccfa9\">\n\t<span>\n\t\t\n\t\t\t\t\t<span class=\"btn-txt\">PROFESSIONNEL<\/span>\n\t\t\t\n\t<span class=\"btn-icon\"><i class=\"icon-ion-ios-arrow-forward\"><\/i><\/span>\t\t\t<\/span>\n<\/a>\n[\/vc_column_inner][\/vc_row_inner][\/vc_column][vc_column width=\u00a0\u00bb1\/6&Prime; offset=\u00a0\u00bbvc_col-lg-offset-2 vc_col-md-offset-2&Prime;][vc_single_image image=\u00a0\u00bb4491&Prime; img_size=\u00a0\u00bb\u00a0\u00bb css_animation=\u00a0\u00bbzoomIn\u00a0\u00bb css=\u00a0\u00bb.vc_custom_1583675463118{padding-right: 50px !important;padding-left: 50px !important;}\u00a0\u00bb][\/vc_column][\/vc_row][vc_row full_width=\u00a0\u00bbstretch_row\u00a0\u00bb gap=\u00a0\u00bb0&Prime; full_height=\u00a0\u00bbyes\u00a0\u00bb columns_placement=\u00a0\u00bbtop\u00a0\u00bb content_placement=\u00a0\u00bbmiddle\u00a0\u00bb enable_content_animation=\u00a0\u00bbyes\u00a0\u00bb ca_init_scale_x=\u00a0\u00bb1&Prime; ca_init_scale_y=\u00a0\u00bb1&Prime; ca_init_scale_z=\u00a0\u00bb1&Prime; ca_init_opacity=\u00a0\u00bb1&Prime; ca_an_scale_x=\u00a0\u00bb1&Prime; ca_an_scale_y=\u00a0\u00bb1&Prime; ca_an_scale_z=\u00a0\u00bb1&Prime; ca_an_opacity=\u00a0\u00bb1&Prime; enable_overlay=\u00a0\u00bbyes\u00a0\u00bb css=\u00a0\u00bb.vc_custom_1575623434643{background-image: url(http:\/\/petitvip.com\/wp-content\/uploads\/2019\/11\/petitvip-header-01.jpg?id=4097) !important;background-position: center !important;background-repeat: no-repeat !important;background-size: cover !important;}\u00a0\u00bb row_hide=\u00a0\u00bbhidden-md hidden-lg\u00a0\u00bb overlay_bg=\u00a0\u00bbrgba(0, 0, 0, 0.5)\u00a0\u00bb][vc_column enable_content_animation=\u00a0\u00bbyes\u00a0\u00bb ca_init_scale_x=\u00a0\u00bb1&Prime; ca_init_scale_y=\u00a0\u00bb1&Prime; ca_init_scale_z=\u00a0\u00bb1&Prime; ca_init_opacity=\u00a0\u00bb1&Prime; ca_an_scale_x=\u00a0\u00bb1&Prime; ca_an_scale_y=\u00a0\u00bb1&Prime; ca_an_scale_z=\u00a0\u00bb1&Prime; ca_an_opacity=\u00a0\u00bb1&Prime; css=\u00a0\u00bb.vc_custom_1580043983497{padding-top: 30px !important;padding-right: 20px !important;padding-bottom: 30px !important;padding-left: 20px !important;background-position: center !important;background-repeat: no-repeat !important;background-size: cover !important;}\u00a0\u00bb][vc_row_inner][vc_column_inner enable_content_animation=\u00a0\u00bbyes\u00a0\u00bb ca_init_scale_x=\u00a0\u00bb1&Prime; ca_init_scale_y=\u00a0\u00bb1&Prime; ca_init_scale_z=\u00a0\u00bb1&Prime; ca_init_opacity=\u00a0\u00bb0&Prime; ca_an_scale_x=\u00a0\u00bb1&Prime; ca_an_scale_y=\u00a0\u00bb1&Prime; ca_an_scale_z=\u00a0\u00bb1&Prime; ca_an_opacity=\u00a0\u00bb1&Prime; ca_duration=\u00a0\u00bb1200&Prime; ca_start_delay=\u00a0\u00bb800&Prime; ca_init_translate_y=\u00a0\u00bb40&Prime; ca_init_translate_z=\u00a0\u00bb101&Prime; ca_init_rotate_x=\u00a0\u00bb-52&Prime;]<style>.ld_fancy_heading_69dbc509ced42 h1{font-size:56px;line-height:1.2;font-weight:400;letter-spacing:-0.025em;}.ld_fancy_heading_69dbc509ced42 h1 {margin-top:0px !important; margin-bottom:0px !important;  } .ld_fancy_heading_69dbc509ced42 .lqd-highlight-inner{height:0.275em;bottom:0px;}.ld_fancy_heading_69dbc509ced42 h1 {margin-top:0px !important; margin-bottom:0px !important;  } <\/style><div class=\"ld-fancy-heading ld_fancy_heading_69dbc509ced42\">\n\t<h1 class=\"lqd-highlight-underline lqd-highlight-grow-left\" data-fittext=\"true\" data-fittext-options='{\"compressor\":0.65,\"maxFontSize\":\"currentFontSize\",\"minFontSize\":\"42\"}' data-split-text=\"true\" data-custom-animations=\"true\" data-ca-options='{\"triggerHandler\":\"inview\",\"animationTarget\":\".lqd-lines .split-inner\",\"duration\":700,\"delay\":100,\"easing\":\"easeOutQuint\",\"direction\":\"forward\",\"initValues\":{\"scale\":1},\"animations\":{\"scale\":1}}' data-split-options='{\"type\":\"lines\"}'><span class=\"ld-fh-txt\"> Bien plus<br \/>\nqu&rsquo;un Kids Club<\/span><\/h1><\/div>[vc_empty_space height=\u00a0\u00bb10px\u00a0\u00bb][vc_column_text]<\/p>\n<p class=\"p1\"><span style=\"font-size: 18px;\"><span style=\"color: #ffffff;\">Petit VIP cr\u00e9\u00e9 des \u00e9motions et des exp\u00e9riences ind\u00e9l\u00e9biles \u00e0 l&rsquo;international<\/span><\/span><\/p>\n<p>[\/vc_column_text][vc_empty_space height=\u00a0\u00bb20px\u00a0\u00bb]<style>.ld_button_69dbc509d094e.btn-icon-solid .btn-icon{background:rgb(255, 255, 255);}.ld_button_69dbc509d094e.btn-icon-circle.btn-icon-ripple .btn-icon:before{border-color:rgb(255, 255, 255);}.ld_button_69dbc509d094e{color:rgb(255, 255, 255);border-color:rgb(255, 255, 255);font-weight:500 !important;letter-spacing:-0.025em !important;}.ld_button_69dbc509d094e:hover{background-color:rgb(255, 255, 255);color:rgb(150, 127, 75);}<\/style><a href=\"http:\/\/petitvip.com\/fr\/famille\/\" title=\"Famille\" class=\"btn btn-default btn-md semi-round btn-bordered border-thin ld_button_69dbc509d094e vc_custom_1586260235872\">\n\t<span>\n\t\t\n\t\t\t\t\t<span class=\"btn-txt\">FAMILLE<\/span>\n\t\t\t\n\t<span class=\"btn-icon\"><i class=\"icon-ion-ios-arrow-forward\"><\/i><\/span>\t\t\t<\/span>\n<\/a>\n<style>.ld_button_69dbc509d2a94.btn-icon-solid .btn-icon{background:rgb(255, 255, 255);}.ld_button_69dbc509d2a94.btn-icon-circle.btn-icon-ripple .btn-icon:before{border-color:rgb(255, 255, 255);}.ld_button_69dbc509d2a94{color:rgb(255, 255, 255);border-color:rgb(255, 255, 255);font-weight:500 !important;letter-spacing:-0.025em !important;}.ld_button_69dbc509d2a94:hover{background-color:rgb(255, 255, 255);color:rgb(150, 127, 75);}<\/style><a href=\"http:\/\/petitvip.com\/fr\/professionnel\/\" title=\"Professionnel\" class=\"btn btn-default btn-md semi-round btn-bordered border-thin ld_button_69dbc509d2a94\">\n\t<span>\n\t\t\n\t\t\t\t\t<span class=\"btn-txt\">PROFESSIONNEL<\/span>\n\t\t\t\n\t<span class=\"btn-icon\"><i class=\"icon-ion-ios-arrow-forward\"><\/i><\/span>\t\t\t<\/span>\n<\/a>\n[\/vc_column_inner][\/vc_row_inner][\/vc_column][\/vc_row]<\/p>\n<\/div>","protected":false},"excerpt":{"rendered":"<p>[vc_row full_width=\u00a0\u00bbstretch_row\u00a0\u00bb gap=\u00a0\u00bb0&Prime; full_height=\u00a0\u00bbyes\u00a0\u00bb content_placement=\u00a0\u00bbmiddle\u00a0\u00bb enable_content_animation=\u00a0\u00bbyes\u00a0\u00bb ca_init_scale_x=\u00a0\u00bb1&Prime; ca_init_scale_y=\u00a0\u00bb1&Prime; ca_init_scale_z=\u00a0\u00bb1&Prime; ca_init_opacity=\u00a0\u00bb1&Prime; ca_an_scale_x=\u00a0\u00bb1&Prime; ca_an_scale_y=\u00a0\u00bb1&Prime; ca_an_scale_z=\u00a0\u00bb1&Prime; ca_an_opacity=\u00a0\u00bb1&Prime; enable_overlay=\u00a0\u00bbyes\u00a0\u00bb&#8230;<\/p>\n","protected":false},"author":1,"featured_media":6644,"parent":0,"menu_order":0,"comment_status":"closed","ping_status":"closed","template":"","meta":{"footnotes":""},"class_list":["post-7386","page","type-page","status-publish","has-post-thumbnail","hentry"],"yoast_head":"<!-- This site is optimized with the Yoast SEO plugin v27.3 - https:\/\/yoast.com\/product\/yoast-seo-wordpress\/ -->\n<title>Petit VIP | More than a Kids Club<\/title>\n<meta name=\"description\" content=\"Petit VIP is the world leading provider of babies, kids &amp; teens concepts. It is the unique Quality Label for very exclusives \u00ab family-friendly \u00bb venues.\" \/>\n<meta name=\"robots\" content=\"index, follow, max-snippet:-1, max-image-preview:large, max-video-preview:-1\" \/>\n<link rel=\"canonical\" href=\"https:\/\/petitvip.com\/fr\/\" \/>\n<meta property=\"og:locale\" content=\"fr_FR\" \/>\n<meta property=\"og:type\" content=\"article\" \/>\n<meta property=\"og:title\" content=\"Petit VIP | More than a Kids Club\" \/>\n<meta property=\"og:description\" content=\"Petit VIP is the world leading provider of babies, kids &amp; teens concepts. It is the unique Quality Label for very exclusives \u00ab family-friendly \u00bb venues.\" \/>\n<meta property=\"og:url\" content=\"https:\/\/petitvip.com\/fr\/\" \/>\n<meta property=\"og:site_name\" content=\"Petit VIP\" \/>\n<meta property=\"article:modified_time\" content=\"2022-02-03T15:36:02+00:00\" \/>\n<meta property=\"og:image\" content=\"https:\/\/petitvip.com\/wp-content\/uploads\/2019\/11\/petitvip-favicon.png\" \/>\n\t<meta property=\"og:image:width\" content=\"512\" \/>\n\t<meta property=\"og:image:height\" content=\"512\" \/>\n\t<meta property=\"og:image:type\" content=\"image\/png\" \/>\n<meta name=\"twitter:card\" content=\"summary_large_image\" \/>\n<meta name=\"twitter:label1\" content=\"Dur\u00e9e de lecture estim\u00e9e\" \/>\n\t<meta name=\"twitter:data1\" content=\"2 minutes\" \/>\n<script type=\"application\/ld+json\" class=\"yoast-schema-graph\">{\"@context\":\"https:\\\/\\\/schema.org\",\"@graph\":[{\"@type\":\"WebPage\",\"@id\":\"https:\\\/\\\/petitvip.com\\\/fr\\\/\",\"url\":\"https:\\\/\\\/petitvip.com\\\/fr\\\/\",\"name\":\"Petit VIP | More than a Kids Club\",\"isPartOf\":{\"@id\":\"https:\\\/\\\/petitvip.com\\\/fr\\\/#website\"},\"primaryImageOfPage\":{\"@id\":\"https:\\\/\\\/petitvip.com\\\/fr\\\/#primaryimage\"},\"image\":{\"@id\":\"https:\\\/\\\/petitvip.com\\\/fr\\\/#primaryimage\"},\"thumbnailUrl\":\"https:\\\/\\\/petitvip.com\\\/wp-content\\\/uploads\\\/2019\\\/11\\\/petitvip-favicon.png\",\"datePublished\":\"2019-11-23T10:21:42+00:00\",\"dateModified\":\"2022-02-03T15:36:02+00:00\",\"description\":\"Petit VIP is the world leading provider of babies, kids & teens concepts. It is the unique Quality Label for very exclusives \u00ab family-friendly \u00bb venues.\",\"breadcrumb\":{\"@id\":\"https:\\\/\\\/petitvip.com\\\/fr\\\/#breadcrumb\"},\"inLanguage\":\"fr-FR\",\"potentialAction\":[{\"@type\":\"ReadAction\",\"target\":[\"https:\\\/\\\/petitvip.com\\\/fr\\\/\"]}]},{\"@type\":\"ImageObject\",\"inLanguage\":\"fr-FR\",\"@id\":\"https:\\\/\\\/petitvip.com\\\/fr\\\/#primaryimage\",\"url\":\"https:\\\/\\\/petitvip.com\\\/wp-content\\\/uploads\\\/2019\\\/11\\\/petitvip-favicon.png\",\"contentUrl\":\"https:\\\/\\\/petitvip.com\\\/wp-content\\\/uploads\\\/2019\\\/11\\\/petitvip-favicon.png\",\"width\":512,\"height\":512},{\"@type\":\"BreadcrumbList\",\"@id\":\"https:\\\/\\\/petitvip.com\\\/fr\\\/#breadcrumb\",\"itemListElement\":[{\"@type\":\"ListItem\",\"position\":1,\"name\":\"Accueil\",\"item\":\"https:\\\/\\\/petitvip.com\\\/fr\\\/\"},{\"@type\":\"ListItem\",\"position\":2,\"name\":\"Petit VIP\"}]},{\"@type\":\"WebSite\",\"@id\":\"https:\\\/\\\/petitvip.com\\\/fr\\\/#website\",\"url\":\"https:\\\/\\\/petitvip.com\\\/fr\\\/\",\"name\":\"Petit VIP\",\"description\":\"More than a Kids Club\",\"potentialAction\":[{\"@type\":\"SearchAction\",\"target\":{\"@type\":\"EntryPoint\",\"urlTemplate\":\"https:\\\/\\\/petitvip.com\\\/fr\\\/?s={search_term_string}\"},\"query-input\":{\"@type\":\"PropertyValueSpecification\",\"valueRequired\":true,\"valueName\":\"search_term_string\"}}],\"inLanguage\":\"fr-FR\"}]}<\/script>\n<!-- \/ Yoast SEO plugin. -->","yoast_head_json":{"title":"Petit VIP | More than a Kids Club","description":"Petit VIP is the world leading provider of babies, kids & teens concepts. It is the unique Quality Label for very exclusives \u00ab family-friendly \u00bb venues.","robots":{"index":"index","follow":"follow","max-snippet":"max-snippet:-1","max-image-preview":"max-image-preview:large","max-video-preview":"max-video-preview:-1"},"canonical":"https:\/\/petitvip.com\/fr\/","og_locale":"fr_FR","og_type":"article","og_title":"Petit VIP | More than a Kids Club","og_description":"Petit VIP is the world leading provider of babies, kids & teens concepts. It is the unique Quality Label for very exclusives \u00ab family-friendly \u00bb venues.","og_url":"https:\/\/petitvip.com\/fr\/","og_site_name":"Petit VIP","article_modified_time":"2022-02-03T15:36:02+00:00","og_image":[{"width":512,"height":512,"url":"https:\/\/petitvip.com\/wp-content\/uploads\/2019\/11\/petitvip-favicon.png","type":"image\/png"}],"twitter_card":"summary_large_image","twitter_misc":{"Dur\u00e9e de lecture estim\u00e9e":"2 minutes"},"schema":{"@context":"https:\/\/schema.org","@graph":[{"@type":"WebPage","@id":"https:\/\/petitvip.com\/fr\/","url":"https:\/\/petitvip.com\/fr\/","name":"Petit VIP | More than a Kids Club","isPartOf":{"@id":"https:\/\/petitvip.com\/fr\/#website"},"primaryImageOfPage":{"@id":"https:\/\/petitvip.com\/fr\/#primaryimage"},"image":{"@id":"https:\/\/petitvip.com\/fr\/#primaryimage"},"thumbnailUrl":"https:\/\/petitvip.com\/wp-content\/uploads\/2019\/11\/petitvip-favicon.png","datePublished":"2019-11-23T10:21:42+00:00","dateModified":"2022-02-03T15:36:02+00:00","description":"Petit VIP is the world leading provider of babies, kids & teens concepts. It is the unique Quality Label for very exclusives \u00ab family-friendly \u00bb venues.","breadcrumb":{"@id":"https:\/\/petitvip.com\/fr\/#breadcrumb"},"inLanguage":"fr-FR","potentialAction":[{"@type":"ReadAction","target":["https:\/\/petitvip.com\/fr\/"]}]},{"@type":"ImageObject","inLanguage":"fr-FR","@id":"https:\/\/petitvip.com\/fr\/#primaryimage","url":"https:\/\/petitvip.com\/wp-content\/uploads\/2019\/11\/petitvip-favicon.png","contentUrl":"https:\/\/petitvip.com\/wp-content\/uploads\/2019\/11\/petitvip-favicon.png","width":512,"height":512},{"@type":"BreadcrumbList","@id":"https:\/\/petitvip.com\/fr\/#breadcrumb","itemListElement":[{"@type":"ListItem","position":1,"name":"Accueil","item":"https:\/\/petitvip.com\/fr\/"},{"@type":"ListItem","position":2,"name":"Petit VIP"}]},{"@type":"WebSite","@id":"https:\/\/petitvip.com\/fr\/#website","url":"https:\/\/petitvip.com\/fr\/","name":"Petit VIP","description":"More than a Kids Club","potentialAction":[{"@type":"SearchAction","target":{"@type":"EntryPoint","urlTemplate":"https:\/\/petitvip.com\/fr\/?s={search_term_string}"},"query-input":{"@type":"PropertyValueSpecification","valueRequired":true,"valueName":"search_term_string"}}],"inLanguage":"fr-FR"}]}},"_links":{"self":[{"href":"https:\/\/petitvip.com\/fr\/wp-json\/wp\/v2\/pages\/7386","targetHints":{"allow":["GET"]}}],"collection":[{"href":"https:\/\/petitvip.com\/fr\/wp-json\/wp\/v2\/pages"}],"about":[{"href":"https:\/\/petitvip.com\/fr\/wp-json\/wp\/v2\/types\/page"}],"author":[{"embeddable":true,"href":"https:\/\/petitvip.com\/fr\/wp-json\/wp\/v2\/users\/1"}],"replies":[{"embeddable":true,"href":"https:\/\/petitvip.com\/fr\/wp-json\/wp\/v2\/comments?post=7386"}],"version-history":[{"count":0,"href":"https:\/\/petitvip.com\/fr\/wp-json\/wp\/v2\/pages\/7386\/revisions"}],"wp:featuredmedia":[{"embeddable":true,"href":"https:\/\/petitvip.com\/fr\/wp-json\/wp\/v2\/media\/6644"}],"wp:attachment":[{"href":"https:\/\/petitvip.com\/fr\/wp-json\/wp\/v2\/media?parent=7386"}],"curies":[{"name":"wp","href":"https:\/\/api.w.org\/{rel}","templated":true}]}}