{"id":7732,"date":"2020-07-13T16:10:53","date_gmt":"2020-07-13T15:10:53","guid":{"rendered":"http:\/\/petitvip.com\/professionnel\/petit-vip-academy\/"},"modified":"2020-08-21T12:45:48","modified_gmt":"2020-08-21T11:45:48","slug":"petit-vip-academy","status":"publish","type":"page","link":"https:\/\/petitvip.com\/fr\/professionnel\/petit-vip-academy\/","title":{"rendered":"L&rsquo; Acad\u00e9mie"},"content":{"rendered":"<div class=\"wpb-content-wrapper\"><p>[vc_row full_width=\u00a0\u00bbstretch_row\u00a0\u00bb full_height=\u00a0\u00bbyes\u00a0\u00bb content_placement=\u00a0\u00bbmiddle\u00a0\u00bb enable_overlay=\u00a0\u00bbyes\u00a0\u00bb enable_row_dividers=\u00a0\u00bbyes\u00a0\u00bb css=\u00a0\u00bb.vc_custom_1594299002788{padding-bottom: 40px !important;background-image: url(http:\/\/petitvip.com\/wp-content\/uploads\/2020\/07\/petit-vip-academy-01.jpg?id=7657) !important;background-position: center !important;background-repeat: no-repeat !important;background-size: cover !important;}\u00a0\u00bb overlay_bg=\u00a0\u00bblinear-gradient(90deg, rgba(0, 0, 0, 0.701961) 1.2738853503184713%, rgba(0, 0, 0, 0) 80.25477707006368%)\u00a0\u00bb responsive_css=\u00a0\u00bbpadding_top_medium:60px|padding_bottom_medium:60px\u00a0\u00bb row_svg_divider=\u00a0\u00bbbottom_shape_color:%23ffffff|bottom_shape_height:0&Prime;][vc_column enable_content_animation=\u00a0\u00bbyes\u00a0\u00bb ca_init_scale_x=\u00a0\u00bb1&Prime; ca_init_scale_y=\u00a0\u00bb1&Prime; ca_init_scale_z=\u00a0\u00bb1&Prime; ca_init_opacity=\u00a0\u00bb0&Prime; ca_an_scale_x=\u00a0\u00bb1&Prime; ca_an_scale_y=\u00a0\u00bb1&Prime; ca_an_scale_z=\u00a0\u00bb1&Prime; ca_an_opacity=\u00a0\u00bb1&Prime; offset=\u00a0\u00bbvc_col-lg-offset-1 vc_col-lg-4&Prime; ca_init_translate_y=\u00a0\u00bb31&Prime; ca_init_translate_x=\u00a0\u00bb0&Prime; ca_duration=\u00a0\u00bb1200&Prime; ca_delay=\u00a0\u00bb150&Prime; ca_init_translate_z=\u00a0\u00bb-108&Prime; ca_init_rotate_x=\u00a0\u00bb-76&Prime; css=\u00a0\u00bb.vc_custom_1580175707669{padding-top: 20px !important;padding-right: 20px !important;padding-bottom: 20px !important;padding-left: 20px !important;}\u00a0\u00bb]<style>.ld_fancy_heading_69f11b3fdc7ba h1 {margin-top:0px !important; margin-bottom:20px !important;  } .ld_fancy_heading_69f11b3fdc7ba .lqd-highlight-inner{height:0.275em;bottom:0px;}.ld_fancy_heading_69f11b3fdc7ba h1 {margin-top:0px !important; margin-bottom:20px !important;  } <\/style><div class=\"ld-fancy-heading ld_fancy_heading_69f11b3fdc7ba\">\n\t<h1 class=\"lqd-highlight-underline lqd-highlight-grow-left\" data-fittext=\"true\" data-fittext-options='{\"compressor\":0.65,\"maxFontSize\":\"currentFontSize\",\"minFontSize\":\"32\"}' data-split-text=\"true\" data-custom-animations=\"true\" data-ca-options='{\"triggerHandler\":\"inview\",\"animationTarget\":\".lqd-lines .split-inner\",\"duration\":700,\"delay\":100,\"easing\":\"easeOutQuint\",\"direction\":\"forward\",\"initValues\":{\"scale\":1},\"animations\":{\"scale\":1}}' data-split-options='{\"type\":\"lines\"}'><span class=\"ld-fh-txt\"> L&rsquo; Acad\u00e9mie<\/span><\/h1><\/div><style>.ld_fancy_heading_69f11b3fde09c p{font-size:18px;line-height:1.4;font-weight:500;letter-spacing:-0.025em;color:rgb(255, 255, 255);}.ld_fancy_heading_69f11b3fde09c p {margin-top:0px !important; margin-bottom:0px !important;  } <\/style><div class=\"ld-fancy-heading ld_fancy_heading_69f11b3fde09c\">\n\t<p class=\"lqd-highlight-underline lqd-highlight-grow-left\" ><span class=\"ld-fh-txt\"> Loin des cours particuliers classiques, cette approche originale de l\u2019enseignement m\u00eale jeux, exp\u00e9rimentations, ateliers artistiques ou encore activit\u00e9s sportives.<\/span><\/p><\/div><style>.ld_button_69f11b3fdfc92{font-size:14px !important;font-weight:700 !important;letter-spacing:0.025em !important;}<\/style><a href=\"#\" class=\"btn btn-solid text-uppercase btn-lg semi-round btn-bordered border-thin ld_button_69f11b3fdfc92 vc_custom_1594726117930\" data-localscroll=\"true\" data-localscroll-options=\"{&quot;scrollBelowSection&quot;:true}\">\n\t<span>\n\t\t\n\t\t\t\t\t<span class=\"btn-txt\">D\u00e9couvrez<\/span>\n\t\t\t\n\t<span class=\"btn-icon\"><i class=\"fas fa-angle-right\"><\/i><\/span>\t\t\t<\/span>\n<\/a>\n[\/vc_column][\/vc_row][vc_row content_placement=\u00a0\u00bbmiddle\u00a0\u00bb css=\u00a0\u00bb.vc_custom_1583505314651{margin-top: 50px !important;margin-bottom: 50px !important;}\u00a0\u00bb responsive_css=\u00a0\u00bbmargin_top_medium:100px|margin_bottom_medium:100px|padding_top_medium:20px|padding_bottom_medium:20px\u00a0\u00bb][vc_column enable_content_animation=\u00a0\u00bbyes\u00a0\u00bb animation_preset=\u00a0\u00bbFade In Up\u00a0\u00bb offset=\u00a0\u00bbvc_col-lg-5 vc_col-md-6&Prime; el_class=\u00a0\u00bbz-index-2&Prime; responsive_css=\u00a0\u00bbpadding_top_medium:25px|padding_bottom_medium:100px\u00a0\u00bb css=\u00a0\u00bb.vc_custom_1583505169115{padding-bottom: 50px !important;}\u00a0\u00bb]<style>.ld_fancy_heading_69f11b3fe1b87 h6{font-size:13px;letter-spacing:0.1em;color:rgb(150, 127, 75);}.ld_fancy_heading_69f11b3fe1b87 h6 {margin-bottom:10px !important;  } .ld_fancy_heading_69f11b3fe1b87 .lqd-highlight-inner{height:0.275em;bottom:0px;}.ld_fancy_heading_69f11b3fe1b87 h6 {margin-bottom:10px !important;  } <\/style><div class=\"ld-fancy-heading text-uppercase ld_fancy_heading_69f11b3fe1b87\">\n\t<h6 class=\"lqd-highlight-underline lqd-highlight-grow-left\" data-split-text=\"true\" data-custom-animations=\"true\" data-ca-options='{\"triggerHandler\":\"inview\",\"animationTarget\":\".lqd-lines .split-inner\",\"duration\":700,\"delay\":100,\"easing\":\"easeOutQuint\",\"direction\":\"forward\",\"initValues\":{\"scale\":1},\"animations\":{\"scale\":1}}' data-split-options='{\"type\":\"lines\"}'><span class=\"ld-fh-txt\"> Petit VIP Academy<\/span><\/h6><\/div><style>.ld_fancy_heading_69f11b3fe3a03 h2{line-height:1.2;letter-spacing:-0.025em;}.ld_fancy_heading_69f11b3fe3a03 h2 {margin-top:0px !important; margin-bottom:20px !important;  } .ld_fancy_heading_69f11b3fe3a03 .lqd-highlight-inner{height:0.275em;bottom:0px;}.ld_fancy_heading_69f11b3fe3a03 h2 {margin-top:0px !important; margin-bottom:20px !important;  } <\/style><div class=\"ld-fancy-heading ld_fancy_heading_69f11b3fe3a03\">\n\t<h2 class=\"lqd-highlight-underline lqd-highlight-grow-left\" data-fittext=\"true\" data-fittext-options='{\"compressor\":0.8,\"maxFontSize\":\"currentFontSize\",\"minFontSize\":\"32\"}' data-split-text=\"true\" data-custom-animations=\"true\" data-ca-options='{\"triggerHandler\":\"inview\",\"animationTarget\":\".lqd-lines .split-inner\",\"duration\":700,\"delay\":100,\"easing\":\"easeOutQuint\",\"direction\":\"forward\",\"initValues\":{\"scale\":1},\"animations\":{\"scale\":1}}' data-split-options='{\"type\":\"lines\"}'><span class=\"ld-fh-txt\"> Apprendre<br \/>\nen s&rsquo;amusant !<\/span><\/h2><\/div>[vc_column_text]Gr\u00e2ce \u00e0 son approche personnalis\u00e9e, ses escape-game en anglais ou ses tables de multiplication sur le sable mouill\u00e9, La \u201cPetit VIP Academy\u201d et ses professeurs certifi\u00e9s, proposent une p\u00e9dagogie adapt\u00e9e permettant \u00e0 chaque enfant d\u2019\u00eatre valoris\u00e9.<\/p>\n<p>En se d\u00e9couvrant des capacit\u00e9s inattendues et parfois du talent dans les diff\u00e9rentes mati\u00e8res, chaque enfant se r\u00e9alise et s\u2019\u00e9panouit. Dispens\u00e9s par de s\u00e9rieux savants qui ne se prennent pas au s\u00e9rieux, les cours de La \u201cPetit VIP Academy\u201d ne ressemblent \u00e0 aucun autre cours formel puisque les contenus scolaires sont toujours abord\u00e9s de mani\u00e8re ludique dans des cadres d\u2019exception.[\/vc_column_text][\/vc_column][vc_column offset=\u00a0\u00bbvc_col-lg-7 vc_col-md-6&Prime;]<div id=\"ld_images_group_container_69f11b3fe58b7\" class=\"liquid-img-group-container ld_images_group_container_69f11b3fe58b7\"  >\n\t<div class=\"liquid-img-group-inner\">\n\t\t<style>@media (min-width: 992px) { .ld_images_group_element_69f11b3fe5b77 {margin-right:-7vw !important; margin-left:6vw !important;  }  } @media (min-width: 1200px) { .ld_images_group_element_69f11b3fe5b77 {margin-right:-18vw !important;  }  } <\/style><div id=\"ld_images_group_element_69f11b3fe5b77\" class=\"liquid-img-group-single ld_images_group_element_69f11b3fe5b77\" data-shadow-style=\"4\" data-roundness=\"2\" data-inview=\"true\" data-animate-shadow=\"true\">\n\t\n\t\t\n\t<div class=\"liquid-img-group-img-container\">\n\t\t\n\t\t\n\t\t\t\t\n\t\t\t\t<div class=\"liquid-img-container-inner\" >\n\t\t\t<figure ><img decoding=\"async\" width=\"1920\" height=\"1280\" src=\"https:\/\/petitvip.com\/wp-content\/uploads\/2020\/07\/petit-vip-academy-02.jpg\" class=\"attachment-full size-full\" alt=\"\" srcset=\"https:\/\/petitvip.com\/wp-content\/uploads\/2020\/07\/petit-vip-academy-02.jpg 1920w, https:\/\/petitvip.com\/wp-content\/uploads\/2020\/07\/petit-vip-academy-02-300x200.jpg 300w, https:\/\/petitvip.com\/wp-content\/uploads\/2020\/07\/petit-vip-academy-02-1024x683.jpg 1024w\" sizes=\"(max-width: 1920px) 100vw, 1920px\" \/><\/figure>\t\t\t\t\t<\/div><!-- \/.liquid-img-container-inner -->\n\t\t\n\t<\/div><!-- \/.liquid-img-group-content -->\n<\/div><!-- \/.liquid-img-group-single -->\n\t\n\t<\/div><!-- \/.liquid-img-group-inner -->\n<\/div><!-- \/.liquid-img-group-container -->[\/vc_column][\/vc_row]<\/p>\n<\/div>","protected":false},"excerpt":{"rendered":"<p>[vc_row full_width=\u00a0\u00bbstretch_row\u00a0\u00bb full_height=\u00a0\u00bbyes\u00a0\u00bb content_placement=\u00a0\u00bbmiddle\u00a0\u00bb enable_overlay=\u00a0\u00bbyes\u00a0\u00bb enable_row_dividers=\u00a0\u00bbyes\u00a0\u00bb css=\u00a0\u00bb.vc_custom_1594299002788{padding-bottom: 40px !important;background-image: url(http:\/\/petitvip.com\/wp-content\/uploads\/2020\/07\/petit-vip-academy-01.jpg?id=7657) !important;background-position: center !important;background-repeat: no-repeat !important;background-size:&#8230;<\/p>\n","protected":false},"author":1,"featured_media":7658,"parent":7227,"menu_order":0,"comment_status":"closed","ping_status":"closed","template":"","meta":{"footnotes":""},"class_list":["post-7732","page","type-page","status-publish","has-post-thumbnail","hentry"],"yoast_head":"<!-- This site is optimized with the Yoast SEO plugin v27.3 - https:\/\/yoast.com\/product\/yoast-seo-wordpress\/ -->\n<title>Petit VIP Academy | La famille \u00e0 l&#039;honneur !<\/title>\n<meta name=\"description\" content=\"La nouveaut\u00e9, cet \u00e9t\u00e9, imagin\u00e9e par Ladislas Boehm pour que les enfants pr\u00e9parent en toute s\u00e9r\u00e9nit\u00e9 la rentr\u00e9e des classes\u2026\" \/>\n<meta name=\"robots\" content=\"index, follow, max-snippet:-1, max-image-preview:large, max-video-preview:-1\" \/>\n<link rel=\"canonical\" href=\"https:\/\/petitvip.com\/fr\/professionnel\/petit-vip-academy\/\" \/>\n<meta property=\"og:locale\" content=\"fr_FR\" \/>\n<meta property=\"og:type\" content=\"article\" \/>\n<meta property=\"og:title\" content=\"Petit VIP Academy | La famille \u00e0 l&#039;honneur !\" \/>\n<meta property=\"og:description\" content=\"La nouveaut\u00e9, cet \u00e9t\u00e9, imagin\u00e9e par Ladislas Boehm pour que les enfants pr\u00e9parent en toute s\u00e9r\u00e9nit\u00e9 la rentr\u00e9e des classes\u2026\" \/>\n<meta property=\"og:url\" content=\"https:\/\/petitvip.com\/fr\/professionnel\/petit-vip-academy\/\" \/>\n<meta property=\"og:site_name\" content=\"Petit VIP\" \/>\n<meta property=\"article:modified_time\" content=\"2020-08-21T11:45:48+00:00\" \/>\n<meta property=\"og:image\" content=\"https:\/\/petitvip.com\/wp-content\/uploads\/2020\/07\/petit-vip-academy-01.jpg\" \/>\n\t<meta property=\"og:image:width\" content=\"1920\" \/>\n\t<meta property=\"og:image:height\" content=\"1280\" \/>\n\t<meta property=\"og:image:type\" content=\"image\/jpeg\" \/>\n<meta name=\"twitter:card\" content=\"summary_large_image\" \/>\n<meta name=\"twitter:label1\" content=\"Dur\u00e9e de lecture estim\u00e9e\" \/>\n\t<meta name=\"twitter:data1\" content=\"4 minutes\" \/>\n<script type=\"application\/ld+json\" class=\"yoast-schema-graph\">{\"@context\":\"https:\\\/\\\/schema.org\",\"@graph\":[{\"@type\":\"WebPage\",\"@id\":\"https:\\\/\\\/petitvip.com\\\/fr\\\/professionnel\\\/petit-vip-academy\\\/\",\"url\":\"https:\\\/\\\/petitvip.com\\\/fr\\\/professionnel\\\/petit-vip-academy\\\/\",\"name\":\"Petit VIP Academy | La famille \u00e0 l'honneur !\",\"isPartOf\":{\"@id\":\"https:\\\/\\\/petitvip.com\\\/fr\\\/#website\"},\"primaryImageOfPage\":{\"@id\":\"https:\\\/\\\/petitvip.com\\\/fr\\\/professionnel\\\/petit-vip-academy\\\/#primaryimage\"},\"image\":{\"@id\":\"https:\\\/\\\/petitvip.com\\\/fr\\\/professionnel\\\/petit-vip-academy\\\/#primaryimage\"},\"thumbnailUrl\":\"https:\\\/\\\/petitvip.com\\\/wp-content\\\/uploads\\\/2020\\\/07\\\/petit-vip-academy-01.jpg\",\"datePublished\":\"2020-07-13T15:10:53+00:00\",\"dateModified\":\"2020-08-21T11:45:48+00:00\",\"description\":\"La nouveaut\u00e9, cet \u00e9t\u00e9, imagin\u00e9e par Ladislas Boehm pour que les enfants pr\u00e9parent en toute s\u00e9r\u00e9nit\u00e9 la rentr\u00e9e des classes\u2026\",\"breadcrumb\":{\"@id\":\"https:\\\/\\\/petitvip.com\\\/fr\\\/professionnel\\\/petit-vip-academy\\\/#breadcrumb\"},\"inLanguage\":\"fr-FR\",\"potentialAction\":[{\"@type\":\"ReadAction\",\"target\":[\"https:\\\/\\\/petitvip.com\\\/fr\\\/professionnel\\\/petit-vip-academy\\\/\"]}]},{\"@type\":\"ImageObject\",\"inLanguage\":\"fr-FR\",\"@id\":\"https:\\\/\\\/petitvip.com\\\/fr\\\/professionnel\\\/petit-vip-academy\\\/#primaryimage\",\"url\":\"https:\\\/\\\/petitvip.com\\\/wp-content\\\/uploads\\\/2020\\\/07\\\/petit-vip-academy-01.jpg\",\"contentUrl\":\"https:\\\/\\\/petitvip.com\\\/wp-content\\\/uploads\\\/2020\\\/07\\\/petit-vip-academy-01.jpg\",\"width\":1920,\"height\":1280},{\"@type\":\"BreadcrumbList\",\"@id\":\"https:\\\/\\\/petitvip.com\\\/fr\\\/professionnel\\\/petit-vip-academy\\\/#breadcrumb\",\"itemListElement\":[{\"@type\":\"ListItem\",\"position\":1,\"name\":\"Accueil\",\"item\":\"https:\\\/\\\/petitvip.com\\\/fr\\\/\"},{\"@type\":\"ListItem\",\"position\":2,\"name\":\"Professionnel\",\"item\":\"https:\\\/\\\/petitvip.com\\\/fr\\\/professionnel\\\/\"},{\"@type\":\"ListItem\",\"position\":3,\"name\":\"L&#8217; Acad\u00e9mie\"}]},{\"@type\":\"WebSite\",\"@id\":\"https:\\\/\\\/petitvip.com\\\/fr\\\/#website\",\"url\":\"https:\\\/\\\/petitvip.com\\\/fr\\\/\",\"name\":\"Petit VIP\",\"description\":\"More than a Kids Club\",\"potentialAction\":[{\"@type\":\"SearchAction\",\"target\":{\"@type\":\"EntryPoint\",\"urlTemplate\":\"https:\\\/\\\/petitvip.com\\\/fr\\\/?s={search_term_string}\"},\"query-input\":{\"@type\":\"PropertyValueSpecification\",\"valueRequired\":true,\"valueName\":\"search_term_string\"}}],\"inLanguage\":\"fr-FR\"}]}<\/script>\n<!-- \/ Yoast SEO plugin. -->","yoast_head_json":{"title":"Petit VIP Academy | La famille \u00e0 l'honneur !","description":"La nouveaut\u00e9, cet \u00e9t\u00e9, imagin\u00e9e par Ladislas Boehm pour que les enfants pr\u00e9parent en toute s\u00e9r\u00e9nit\u00e9 la rentr\u00e9e des classes\u2026","robots":{"index":"index","follow":"follow","max-snippet":"max-snippet:-1","max-image-preview":"max-image-preview:large","max-video-preview":"max-video-preview:-1"},"canonical":"https:\/\/petitvip.com\/fr\/professionnel\/petit-vip-academy\/","og_locale":"fr_FR","og_type":"article","og_title":"Petit VIP Academy | La famille \u00e0 l'honneur !","og_description":"La nouveaut\u00e9, cet \u00e9t\u00e9, imagin\u00e9e par Ladislas Boehm pour que les enfants pr\u00e9parent en toute s\u00e9r\u00e9nit\u00e9 la rentr\u00e9e des classes\u2026","og_url":"https:\/\/petitvip.com\/fr\/professionnel\/petit-vip-academy\/","og_site_name":"Petit VIP","article_modified_time":"2020-08-21T11:45:48+00:00","og_image":[{"width":1920,"height":1280,"url":"https:\/\/petitvip.com\/wp-content\/uploads\/2020\/07\/petit-vip-academy-01.jpg","type":"image\/jpeg"}],"twitter_card":"summary_large_image","twitter_misc":{"Dur\u00e9e de lecture estim\u00e9e":"4 minutes"},"schema":{"@context":"https:\/\/schema.org","@graph":[{"@type":"WebPage","@id":"https:\/\/petitvip.com\/fr\/professionnel\/petit-vip-academy\/","url":"https:\/\/petitvip.com\/fr\/professionnel\/petit-vip-academy\/","name":"Petit VIP Academy | La famille \u00e0 l'honneur !","isPartOf":{"@id":"https:\/\/petitvip.com\/fr\/#website"},"primaryImageOfPage":{"@id":"https:\/\/petitvip.com\/fr\/professionnel\/petit-vip-academy\/#primaryimage"},"image":{"@id":"https:\/\/petitvip.com\/fr\/professionnel\/petit-vip-academy\/#primaryimage"},"thumbnailUrl":"https:\/\/petitvip.com\/wp-content\/uploads\/2020\/07\/petit-vip-academy-01.jpg","datePublished":"2020-07-13T15:10:53+00:00","dateModified":"2020-08-21T11:45:48+00:00","description":"La nouveaut\u00e9, cet \u00e9t\u00e9, imagin\u00e9e par Ladislas Boehm pour que les enfants pr\u00e9parent en toute s\u00e9r\u00e9nit\u00e9 la rentr\u00e9e des classes\u2026","breadcrumb":{"@id":"https:\/\/petitvip.com\/fr\/professionnel\/petit-vip-academy\/#breadcrumb"},"inLanguage":"fr-FR","potentialAction":[{"@type":"ReadAction","target":["https:\/\/petitvip.com\/fr\/professionnel\/petit-vip-academy\/"]}]},{"@type":"ImageObject","inLanguage":"fr-FR","@id":"https:\/\/petitvip.com\/fr\/professionnel\/petit-vip-academy\/#primaryimage","url":"https:\/\/petitvip.com\/wp-content\/uploads\/2020\/07\/petit-vip-academy-01.jpg","contentUrl":"https:\/\/petitvip.com\/wp-content\/uploads\/2020\/07\/petit-vip-academy-01.jpg","width":1920,"height":1280},{"@type":"BreadcrumbList","@id":"https:\/\/petitvip.com\/fr\/professionnel\/petit-vip-academy\/#breadcrumb","itemListElement":[{"@type":"ListItem","position":1,"name":"Accueil","item":"https:\/\/petitvip.com\/fr\/"},{"@type":"ListItem","position":2,"name":"Professionnel","item":"https:\/\/petitvip.com\/fr\/professionnel\/"},{"@type":"ListItem","position":3,"name":"L&#8217; Acad\u00e9mie"}]},{"@type":"WebSite","@id":"https:\/\/petitvip.com\/fr\/#website","url":"https:\/\/petitvip.com\/fr\/","name":"Petit VIP","description":"More than a Kids Club","potentialAction":[{"@type":"SearchAction","target":{"@type":"EntryPoint","urlTemplate":"https:\/\/petitvip.com\/fr\/?s={search_term_string}"},"query-input":{"@type":"PropertyValueSpecification","valueRequired":true,"valueName":"search_term_string"}}],"inLanguage":"fr-FR"}]}},"_links":{"self":[{"href":"https:\/\/petitvip.com\/fr\/wp-json\/wp\/v2\/pages\/7732","targetHints":{"allow":["GET"]}}],"collection":[{"href":"https:\/\/petitvip.com\/fr\/wp-json\/wp\/v2\/pages"}],"about":[{"href":"https:\/\/petitvip.com\/fr\/wp-json\/wp\/v2\/types\/page"}],"author":[{"embeddable":true,"href":"https:\/\/petitvip.com\/fr\/wp-json\/wp\/v2\/users\/1"}],"replies":[{"embeddable":true,"href":"https:\/\/petitvip.com\/fr\/wp-json\/wp\/v2\/comments?post=7732"}],"version-history":[{"count":0,"href":"https:\/\/petitvip.com\/fr\/wp-json\/wp\/v2\/pages\/7732\/revisions"}],"up":[{"embeddable":true,"href":"https:\/\/petitvip.com\/fr\/wp-json\/wp\/v2\/pages\/7227"}],"wp:featuredmedia":[{"embeddable":true,"href":"https:\/\/petitvip.com\/fr\/wp-json\/wp\/v2\/media\/7658"}],"wp:attachment":[{"href":"https:\/\/petitvip.com\/fr\/wp-json\/wp\/v2\/media?parent=7732"}],"curies":[{"name":"wp","href":"https:\/\/api.w.org\/{rel}","templated":true}]}}