{"id":8013,"date":"2021-04-10T13:28:02","date_gmt":"2021-04-10T12:28:02","guid":{"rendered":"http:\/\/petitvip.com\/famille\/smart-camps\/"},"modified":"2021-05-20T10:26:11","modified_gmt":"2021-05-20T09:26:11","slug":"smart-camp","status":"publish","type":"page","link":"https:\/\/petitvip.com\/fr\/famille\/smart-camp\/","title":{"rendered":"Smart Camp"},"content":{"rendered":"<div class=\"wpb-content-wrapper\"><p>[vc_row full_width=\u00a0\u00bbstretch_row\u00a0\u00bb full_height=\u00a0\u00bbyes\u00a0\u00bb content_placement=\u00a0\u00bbmiddle\u00a0\u00bb enable_overlay=\u00a0\u00bbyes\u00a0\u00bb enable_row_dividers=\u00a0\u00bbyes\u00a0\u00bb css=\u00a0\u00bb.vc_custom_1618057079491{padding-bottom: 40px !important;background-image: url(http:\/\/petitvip.com\/wp-content\/uploads\/2021\/04\/petitvip-smart-camps-01.jpg?id=7984) !important;background-position: center !important;background-repeat: no-repeat !important;background-size: cover !important;}\u00a0\u00bb overlay_bg=\u00a0\u00bblinear-gradient(90deg, rgba(0, 0, 0, 0.701961) 1.2738853503184713%, rgba(0, 0, 0, 0) 80.25477707006368%)\u00a0\u00bb responsive_css=\u00a0\u00bbpadding_top_medium:60px|padding_bottom_medium:60px\u00a0\u00bb row_svg_divider=\u00a0\u00bbbottom_shape_color:%23ffffff|bottom_shape_height:0&Prime;][vc_column enable_content_animation=\u00a0\u00bbyes\u00a0\u00bb ca_init_scale_x=\u00a0\u00bb1&Prime; ca_init_scale_y=\u00a0\u00bb1&Prime; ca_init_scale_z=\u00a0\u00bb1&Prime; ca_init_opacity=\u00a0\u00bb0&Prime; ca_an_scale_x=\u00a0\u00bb1&Prime; ca_an_scale_y=\u00a0\u00bb1&Prime; ca_an_scale_z=\u00a0\u00bb1&Prime; ca_an_opacity=\u00a0\u00bb1&Prime; offset=\u00a0\u00bbvc_col-lg-offset-1 vc_col-lg-4&Prime; ca_init_translate_y=\u00a0\u00bb31&Prime; ca_init_translate_x=\u00a0\u00bb0&Prime; ca_duration=\u00a0\u00bb1200&Prime; ca_delay=\u00a0\u00bb150&Prime; ca_init_translate_z=\u00a0\u00bb-108&Prime; ca_init_rotate_x=\u00a0\u00bb-76&Prime; css=\u00a0\u00bb.vc_custom_1580175707669{padding-top: 20px !important;padding-right: 20px !important;padding-bottom: 20px !important;padding-left: 20px !important;}\u00a0\u00bb]<style>.ld_fancy_heading_69dbea1ee909f h1 {margin-top:0px !important; margin-bottom:20px !important;  } .ld_fancy_heading_69dbea1ee909f .lqd-highlight-inner{height:0.275em;bottom:0px;}.ld_fancy_heading_69dbea1ee909f h1 {margin-top:0px !important; margin-bottom:20px !important;  } <\/style><div class=\"ld-fancy-heading ld_fancy_heading_69dbea1ee909f\">\n\t<h1 class=\"lqd-highlight-underline lqd-highlight-grow-left\" data-fittext=\"true\" data-fittext-options='{\"compressor\":0.65,\"maxFontSize\":\"currentFontSize\",\"minFontSize\":\"32\"}' data-split-text=\"true\" data-custom-animations=\"true\" data-ca-options='{\"triggerHandler\":\"inview\",\"animationTarget\":\".lqd-lines .split-inner\",\"duration\":700,\"delay\":100,\"easing\":\"easeOutQuint\",\"direction\":\"forward\",\"initValues\":{\"scale\":1},\"animations\":{\"scale\":1}}' data-split-options='{\"type\":\"lines\"}'><span class=\"ld-fh-txt\"> Smart Camp<\/span><\/h1><\/div><style>.ld_fancy_heading_69dbea1eea610 p{font-size:18px;line-height:1.4;font-weight:500;letter-spacing:-0.025em;color:rgb(255, 255, 255);}.ld_fancy_heading_69dbea1eea610 p {margin-top:0px !important; margin-bottom:0px !important;  } <\/style><div class=\"ld-fancy-heading ld_fancy_heading_69dbea1eea610\">\n\t<p class=\"lqd-highlight-underline lqd-highlight-grow-left\" ><span class=\"ld-fh-txt\"> En plus d\u2019activit\u00e9s amusantes et stimulantes pour leur d\u00e9veloppement personnel, le programme \u00ab\u00a0Smart Camp\u00a0\u00bb cr\u00e9e des souvenirs et amis pour la vie.<\/span><\/p><\/div><style>.ld_button_69dbea1eec26e{font-size:14px !important;font-weight:700 !important;letter-spacing:0.025em !important;}<\/style><a href=\"#\" class=\"btn btn-solid text-uppercase btn-lg semi-round btn-bordered border-thin ld_button_69dbea1eec26e vc_custom_1618060784898\" data-localscroll=\"true\" data-localscroll-options=\"{&quot;scrollBelowSection&quot;:true}\">\n\t<span>\n\t\t\n\t\t\t\t\t<span class=\"btn-txt\">D\u00e9couvrez<\/span>\n\t\t\t\n\t<span class=\"btn-icon\"><i class=\"fas fa-angle-right\"><\/i><\/span>\t\t\t<\/span>\n<\/a>\n[\/vc_column][\/vc_row][vc_row content_placement=\u00a0\u00bbmiddle\u00a0\u00bb css=\u00a0\u00bb.vc_custom_1618057649750{margin-top: 50px !important;margin-bottom: 50px !important;}\u00a0\u00bb responsive_css=\u00a0\u00bbpadding_top_medium:20px|padding_bottom_medium:20px\u00a0\u00bb][vc_column enable_content_animation=\u00a0\u00bbyes\u00a0\u00bb animation_preset=\u00a0\u00bbFade In Up\u00a0\u00bb offset=\u00a0\u00bbvc_col-lg-5 vc_col-md-6&Prime; el_class=\u00a0\u00bbz-index-2&Prime; responsive_css=\u00a0\u00bbpadding_top_medium:25px|padding_bottom_medium:100px\u00a0\u00bb css=\u00a0\u00bb.vc_custom_1583505169115{padding-bottom: 50px !important;}\u00a0\u00bb]<style>.ld_fancy_heading_69dbea1eee35a h2{line-height:1.2;letter-spacing:-0.025em;}.ld_fancy_heading_69dbea1eee35a h2 {margin-top:0px !important; margin-bottom:20px !important;  } .ld_fancy_heading_69dbea1eee35a .lqd-highlight-inner{height:0.275em;bottom:0px;}.ld_fancy_heading_69dbea1eee35a h2 {margin-top:0px !important; margin-bottom:20px !important;  } <\/style><div class=\"ld-fancy-heading ld_fancy_heading_69dbea1eee35a\">\n\t<h2 class=\"lqd-highlight-underline lqd-highlight-grow-left\" data-fittext=\"true\" data-fittext-options='{\"compressor\":0.8,\"maxFontSize\":\"currentFontSize\",\"minFontSize\":\"32\"}' data-split-text=\"true\" data-custom-animations=\"true\" data-ca-options='{\"triggerHandler\":\"inview\",\"animationTarget\":\".lqd-lines .split-inner\",\"duration\":700,\"delay\":100,\"easing\":\"easeOutQuint\",\"direction\":\"forward\",\"initValues\":{\"scale\":1},\"animations\":{\"scale\":1}}' data-split-options='{\"type\":\"lines\"}'><span class=\"ld-fh-txt\"> Des souvenirs<br \/>\net\u00a0amis pour la vie<\/span><\/h2><\/div>[vc_column_text]En plus d\u2019activit\u00e9s amusantes et stimulantes pour leur d\u00e9veloppement personnel, le programme \u00ab\u00a0Smart Camp\u00a0\u00bb cr\u00e9e des souvenirs et amis pour la vie. Pour les parents, il offre la possibilit\u00e9 de tisser des liens avec leurs enfants mais aussi d\u2019autres parents grace \u00e0 des exp\u00e9riences partag\u00e9es. Sachant que leurs enfants sont dans un environnement s\u00e9curitaire et supervis\u00e9 par des professionnels de l\u2019animation enfants, les parents profitent pleinement de leur s\u00e9jour en toute s\u00e9r\u00e9nit\u00e9.[\/vc_column_text][\/vc_column][vc_column offset=\u00a0\u00bbvc_col-lg-7 vc_col-md-6&Prime;]<div id=\"ld_images_group_container_69dbea1eefdc8\" class=\"liquid-img-group-container ld_images_group_container_69dbea1eefdc8\"  >\n\t<div class=\"liquid-img-group-inner\">\n\t\t<style>@media (min-width: 992px) { .ld_images_group_element_69dbea1eeffb9 {margin-right:-7vw !important; margin-left:6vw !important;  }  } @media (min-width: 1200px) { .ld_images_group_element_69dbea1eeffb9 {margin-right:-18vw !important;  }  } <\/style><div id=\"ld_images_group_element_69dbea1eeffb9\" class=\"liquid-img-group-single ld_images_group_element_69dbea1eeffb9\" data-shadow-style=\"4\" data-roundness=\"2\" data-inview=\"true\" data-animate-shadow=\"true\">\n\t\n\t\t\n\t<div class=\"liquid-img-group-img-container\">\n\t\t\n\t\t\n\t\t\t\t\n\t\t\t\t<div class=\"liquid-img-container-inner\" >\n\t\t\t<figure ><img decoding=\"async\" width=\"1280\" height=\"853\" src=\"https:\/\/petitvip.com\/wp-content\/uploads\/2021\/04\/petitvip-smart-camps-02.jpg\" class=\"attachment-full size-full\" alt=\"\" srcset=\"https:\/\/petitvip.com\/wp-content\/uploads\/2021\/04\/petitvip-smart-camps-02.jpg 1280w, https:\/\/petitvip.com\/wp-content\/uploads\/2021\/04\/petitvip-smart-camps-02-300x200.jpg 300w, https:\/\/petitvip.com\/wp-content\/uploads\/2021\/04\/petitvip-smart-camps-02-1024x682.jpg 1024w\" sizes=\"(max-width: 1280px) 100vw, 1280px\" \/><\/figure>\t\t\t\t\t<\/div><!-- \/.liquid-img-container-inner -->\n\t\t\n\t<\/div><!-- \/.liquid-img-group-content -->\n<\/div><!-- \/.liquid-img-group-single -->\n\t\n\t<\/div><!-- \/.liquid-img-group-inner -->\n<\/div><!-- \/.liquid-img-group-container -->[\/vc_column][\/vc_row][vc_row content_placement=\u00a0\u00bbmiddle\u00a0\u00bb css=\u00a0\u00bb.vc_custom_1618057659699{margin-top: 50px !important;margin-bottom: 50px !important;}\u00a0\u00bb responsive_css=\u00a0\u00bbpadding_top_medium:20px|padding_bottom_medium:20px\u00a0\u00bb][vc_column offset=\u00a0\u00bbvc_col-lg-6 vc_col-md-5&Prime;]<div id=\"ld_images_group_container_69dbea1ef03ee\" class=\"liquid-img-group-container ld_images_group_container_69dbea1ef03ee\"  >\n\t<div class=\"liquid-img-group-inner\">\n\t\t<style>@media (min-width: 992px) { .ld_images_group_element_69dbea1ef04ce {margin-left:-21vw !important;  }  } <\/style><div id=\"ld_images_group_element_69dbea1ef04ce\" class=\"liquid-img-group-single ld_images_group_element_69dbea1ef04ce\" data-shadow-style=\"4\" data-roundness=\"2\" data-inview=\"true\" data-animate-shadow=\"true\">\n\t\n\t\t\n\t<div class=\"liquid-img-group-img-container\">\n\t\t\n\t\t\n\t\t\t\t\n\t\t\t\t<div class=\"liquid-img-container-inner\" >\n\t\t\t<figure ><img decoding=\"async\" width=\"1200\" height=\"800\" src=\"https:\/\/petitvip.com\/wp-content\/uploads\/2021\/04\/petitvip-smart-camps-03.jpg\" class=\"attachment-full size-full\" alt=\"\" srcset=\"https:\/\/petitvip.com\/wp-content\/uploads\/2021\/04\/petitvip-smart-camps-03.jpg 1200w, https:\/\/petitvip.com\/wp-content\/uploads\/2021\/04\/petitvip-smart-camps-03-300x200.jpg 300w, https:\/\/petitvip.com\/wp-content\/uploads\/2021\/04\/petitvip-smart-camps-03-1024x683.jpg 1024w\" sizes=\"(max-width: 1200px) 100vw, 1200px\" \/><\/figure>\t\t\t\t\t<\/div><!-- \/.liquid-img-container-inner -->\n\t\t\n\t<\/div><!-- \/.liquid-img-group-content -->\n<\/div><!-- \/.liquid-img-group-single -->\n\t\n\t<\/div><!-- \/.liquid-img-group-inner -->\n<\/div><!-- \/.liquid-img-group-container -->[\/vc_column][vc_column enable_content_animation=\u00a0\u00bbyes\u00a0\u00bb animation_preset=\u00a0\u00bbFade In Up\u00a0\u00bb offset=\u00a0\u00bbvc_col-lg-offset-1 vc_col-lg-5 vc_col-md-7&Prime; css=\u00a0\u00bb.vc_custom_1580338962569{padding-top: 50px !important;padding-bottom: 15px !important;}\u00a0\u00bb el_class=\u00a0\u00bbz-index-2&Prime; responsive_css=\u00a0\u00bbpadding_top_medium:25px|padding_bottom_medium:100px\u00a0\u00bb]<style>.ld_fancy_heading_69dbea1ef082b h2{line-height:1.2;letter-spacing:-0.025em;}.ld_fancy_heading_69dbea1ef082b h2 {margin-top:0px !important; margin-bottom:20px !important;  } .ld_fancy_heading_69dbea1ef082b .lqd-highlight-inner{height:0.275em;bottom:0px;}.ld_fancy_heading_69dbea1ef082b h2 {margin-top:0px !important; margin-bottom:20px !important;  } <\/style><div class=\"ld-fancy-heading ld_fancy_heading_69dbea1ef082b\">\n\t<h2 class=\"lqd-highlight-underline lqd-highlight-grow-left\" data-fittext=\"true\" data-fittext-options='{\"compressor\":0.8,\"maxFontSize\":\"currentFontSize\",\"minFontSize\":\"32\"}' data-split-text=\"true\" data-custom-animations=\"true\" data-ca-options='{\"triggerHandler\":\"inview\",\"animationTarget\":\".lqd-lines .split-inner\",\"duration\":700,\"delay\":100,\"easing\":\"easeOutQuint\",\"direction\":\"forward\",\"initValues\":{\"scale\":1},\"animations\":{\"scale\":1}}' data-split-options='{\"type\":\"lines\"}'><span class=\"ld-fh-txt\"> Animateurs<br \/>\ninternationaux<\/span><\/h2><\/div>[vc_column_text]Responsables de l\u2019interaction sociale entre les enfants, nos animateurs et entra\u00eeneurs internationaux poss\u00e8dent de solides exp\u00e9riences en mati\u00e8re d\u2019encadrement.\u00a0Nos \u00e9quipes aussi dynamiques que talentueuses sont issues de divers milieux tels que l\u2019enseignement, le sport ou les arts majeurs.\u00a0Smart Camp est encore un exemple de programmes innovants que proposent les \u00e9quipes de Petit VIP.[\/vc_column_text][\/vc_column][\/vc_row][vc_row css=\u00a0\u00bb.vc_custom_1594653882572{padding-top: 100px !important;padding-bottom: 50px !important;background-color: #f5f5f5 !important;}\u00a0\u00bb responsive_css=\u00a0\u00bbpadding_bottom_medium:100px\u00a0\u00bb][vc_column enable_column_shadowbox=\u00a0\u00bbyes\u00a0\u00bb enable_transform=\u00a0\u00bb\u00a0\u00bb css=\u00a0\u00bb.vc_custom_1583402642964{background-color: #ffffff !important;background-position: center !important;background-repeat: no-repeat !important;background-size: cover !important;border-radius: 4px !important;}\u00a0\u00bb column_box_shadow=\u00a0\u00bb%5B%7B%22x_offset%22%3A%220%22%2C%22y_offset%22%3A%2225px%22%2C%22blur_radius%22%3A%2250px%22%2C%22shadow_color%22%3A%22rgba(0%2C%200%2C%200%2C%200.2)%22%7D%5D\u00a0\u00bb][vc_row_inner content_placement=\u00a0\u00bbmiddle\u00a0\u00bb gap=\u00a0\u00bb0&Prime;][vc_column_inner offset=\u00a0\u00bbvc_col-lg-6 vc_col-md-6&Prime; css=\u00a0\u00bb.vc_custom_1583505920744{background-image: url(http:\/\/petitvip.com\/wp-content\/uploads\/2020\/03\/petitvip-kids-concierge.jpg?id=6314) !important;background-position: center !important;background-repeat: no-repeat !important;background-size: cover !important;}\u00a0\u00bb][vc_empty_space height=\u00a0\u00bb500px\u00a0\u00bb css=\u00a0\u00bb.vc_custom_1583505967893{background-image: url(http:\/\/petitvip.com\/wp-content\/uploads\/2020\/03\/petitvip-kids-concierge-1.jpg?id=6325) !important;background-position: center !important;background-repeat: no-repeat !important;background-size: cover !important;}\u00a0\u00bb][\/vc_column_inner][vc_column_inner offset=\u00a0\u00bbvc_col-lg-offset-1 vc_col-lg-4 vc_col-md-offset-1 vc_col-md-4&Prime; css=\u00a0\u00bb.vc_custom_1583424128258{padding-top: 50px !important;padding-bottom: 50px !important;padding-left: 15px !important;}\u00a0\u00bb]<style>.ld_fancy_heading_69dbea1ef2322 h6{font-size:12px;font-weight:600;letter-spacing:0.1em;color:rgb(150, 127, 75);}@media (min-width: 992px) { .ld_fancy_heading_69dbea1ef2322 h6 {margin-bottom:0.2em !important;  }  } .ld_fancy_heading_69dbea1ef2322 .lqd-highlight-inner{height:0.275em;bottom:0px;}@media (min-width: 992px) { .ld_fancy_heading_69dbea1ef2322 h6 {margin-bottom:0.2em !important;  }  } <\/style><div class=\"ld-fancy-heading mask-text text-uppercase ld_fancy_heading_69dbea1ef2322\">\n\t<h6 class=\"lqd-highlight-underline lqd-highlight-grow-left\" data-split-text=\"true\" data-custom-animations=\"true\" data-ca-options='{\"triggerHandler\":\"inview\",\"animationTarget\":\".lqd-lines .split-inner\",\"duration\":700,\"delay\":100,\"easing\":\"easeOutQuint\",\"direction\":\"forward\",\"initValues\":{\"scale\":1},\"animations\":{\"scale\":1}}' data-split-options='{\"type\":\"lines\"}'><span class=\"ld-fh-txt\"> Contact<\/span><\/h6><\/div><style>.ld_fancy_heading_69dbea1ef3058 h2 {margin-top:0px !important; margin-bottom:20px !important;  } .ld_fancy_heading_69dbea1ef3058 .lqd-highlight-inner{height:0.275em;bottom:0px;}.ld_fancy_heading_69dbea1ef3058 h2 {margin-top:0px !important; margin-bottom:20px !important;  } <\/style><div class=\"ld-fancy-heading ld_fancy_heading_69dbea1ef3058\">\n\t<h2 class=\"lqd-highlight-underline lqd-highlight-grow-left\" data-fittext=\"true\" data-fittext-options='{\"compressor\":0.65,\"maxFontSize\":\"currentFontSize\",\"minFontSize\":\"48\"}' data-split-text=\"true\" data-custom-animations=\"true\" data-ca-options='{\"triggerHandler\":\"inview\",\"animationTarget\":\".lqd-lines .split-inner\",\"duration\":700,\"delay\":100,\"easing\":\"easeOutQuint\",\"direction\":\"forward\",\"initValues\":{\"scale\":1},\"animations\":{\"scale\":1}}' data-split-options='{\"type\":\"lines\"}'><span class=\"ld-fh-txt\"> Kids Concierge<\/span><\/h2><\/div>[vc_column_text css=\u00a0\u00bb.vc_custom_1618062579793{margin-bottom: 30px !important;}\u00a0\u00bb]Notre concierge mettra tout en \u0153uvre pour vous accompagner dans la r\u00e9alisation de vos v\u0153ux ou ceux de votre enfant.[\/vc_column_text]<style>.ld_button_69dbea1ef3181{font-size:14px !important;font-weight:700 !important;letter-spacing:0.025em !important;}<\/style><a href=\"http:\/\/petitvip.com\/fr\/famille\/kids-concierge\/\" title=\"Kids Concierge\" class=\"btn btn-default text-uppercase semi-round btn-bordered border-thick ld_button_69dbea1ef3181\">\n\t<span>\n\t\t\n\t\t\t\t\t<span class=\"btn-txt\">\u00c9crivez-moi<\/span>\n\t\t\t\n\t\t\t\t<\/span>\n<\/a>\n[\/vc_column_inner][\/vc_row_inner][\/vc_column][\/vc_row]<\/p>\n<\/div>","protected":false},"excerpt":{"rendered":"<p>[vc_row full_width=\u00a0\u00bbstretch_row\u00a0\u00bb full_height=\u00a0\u00bbyes\u00a0\u00bb content_placement=\u00a0\u00bbmiddle\u00a0\u00bb enable_overlay=\u00a0\u00bbyes\u00a0\u00bb enable_row_dividers=\u00a0\u00bbyes\u00a0\u00bb css=\u00a0\u00bb.vc_custom_1618057079491{padding-bottom: 40px !important;background-image: url(http:\/\/petitvip.com\/wp-content\/uploads\/2021\/04\/petitvip-smart-camps-01.jpg?id=7984) !important;background-position: center !important;background-repeat: no-repeat !important;background-size:&#8230;<\/p>\n","protected":false},"author":1,"featured_media":7658,"parent":7142,"menu_order":0,"comment_status":"closed","ping_status":"closed","template":"","meta":{"footnotes":""},"class_list":["post-8013","page","type-page","status-publish","has-post-thumbnail","hentry"],"yoast_head":"<!-- This site is optimized with the Yoast SEO plugin v27.3 - https:\/\/yoast.com\/product\/yoast-seo-wordpress\/ -->\n<title>Petit VIP Smart Camps | Forges lasting memories with new friends<\/title>\n<meta name=\"description\" content=\"In addition to fun and development-stimulating activities, &quot;Smart Camp&quot; forges lasting memories with new friends and qualified coaches from all over the world.\" \/>\n<meta name=\"robots\" content=\"index, follow, max-snippet:-1, max-image-preview:large, max-video-preview:-1\" \/>\n<link rel=\"canonical\" href=\"https:\/\/petitvip.com\/fr\/famille\/smart-camp\/\" \/>\n<meta property=\"og:locale\" content=\"fr_FR\" \/>\n<meta property=\"og:type\" content=\"article\" \/>\n<meta property=\"og:title\" content=\"Petit VIP Smart Camps | Forges lasting memories with new friends\" \/>\n<meta property=\"og:description\" content=\"In addition to fun and development-stimulating activities, &quot;Smart Camp&quot; forges lasting memories with new friends and qualified coaches from all over the world.\" \/>\n<meta property=\"og:url\" content=\"https:\/\/petitvip.com\/fr\/famille\/smart-camp\/\" \/>\n<meta property=\"og:site_name\" content=\"Petit VIP\" \/>\n<meta property=\"article:modified_time\" content=\"2021-05-20T09:26:11+00:00\" \/>\n<meta property=\"og:image\" content=\"https:\/\/petitvip.com\/wp-content\/uploads\/2020\/07\/petit-vip-academy-01.jpg\" \/>\n\t<meta property=\"og:image:width\" content=\"1920\" \/>\n\t<meta property=\"og:image:height\" content=\"1280\" \/>\n\t<meta property=\"og:image:type\" content=\"image\/jpeg\" \/>\n<meta name=\"twitter:card\" content=\"summary_large_image\" \/>\n<meta name=\"twitter:label1\" content=\"Dur\u00e9e de lecture estim\u00e9e\" \/>\n\t<meta name=\"twitter:data1\" content=\"3 minutes\" \/>\n<script type=\"application\/ld+json\" class=\"yoast-schema-graph\">{\"@context\":\"https:\\\/\\\/schema.org\",\"@graph\":[{\"@type\":\"WebPage\",\"@id\":\"https:\\\/\\\/petitvip.com\\\/fr\\\/famille\\\/smart-camp\\\/\",\"url\":\"https:\\\/\\\/petitvip.com\\\/fr\\\/famille\\\/smart-camp\\\/\",\"name\":\"Petit VIP Smart Camps | Forges lasting memories with new friends\",\"isPartOf\":{\"@id\":\"https:\\\/\\\/petitvip.com\\\/fr\\\/#website\"},\"primaryImageOfPage\":{\"@id\":\"https:\\\/\\\/petitvip.com\\\/fr\\\/famille\\\/smart-camp\\\/#primaryimage\"},\"image\":{\"@id\":\"https:\\\/\\\/petitvip.com\\\/fr\\\/famille\\\/smart-camp\\\/#primaryimage\"},\"thumbnailUrl\":\"https:\\\/\\\/petitvip.com\\\/wp-content\\\/uploads\\\/2020\\\/07\\\/petit-vip-academy-01.jpg\",\"datePublished\":\"2021-04-10T12:28:02+00:00\",\"dateModified\":\"2021-05-20T09:26:11+00:00\",\"description\":\"In addition to fun and development-stimulating activities, \\\"Smart Camp\\\" forges lasting memories with new friends and qualified coaches from all over the world.\",\"breadcrumb\":{\"@id\":\"https:\\\/\\\/petitvip.com\\\/fr\\\/famille\\\/smart-camp\\\/#breadcrumb\"},\"inLanguage\":\"fr-FR\",\"potentialAction\":[{\"@type\":\"ReadAction\",\"target\":[\"https:\\\/\\\/petitvip.com\\\/fr\\\/famille\\\/smart-camp\\\/\"]}]},{\"@type\":\"ImageObject\",\"inLanguage\":\"fr-FR\",\"@id\":\"https:\\\/\\\/petitvip.com\\\/fr\\\/famille\\\/smart-camp\\\/#primaryimage\",\"url\":\"https:\\\/\\\/petitvip.com\\\/wp-content\\\/uploads\\\/2020\\\/07\\\/petit-vip-academy-01.jpg\",\"contentUrl\":\"https:\\\/\\\/petitvip.com\\\/wp-content\\\/uploads\\\/2020\\\/07\\\/petit-vip-academy-01.jpg\",\"width\":1920,\"height\":1280},{\"@type\":\"BreadcrumbList\",\"@id\":\"https:\\\/\\\/petitvip.com\\\/fr\\\/famille\\\/smart-camp\\\/#breadcrumb\",\"itemListElement\":[{\"@type\":\"ListItem\",\"position\":1,\"name\":\"Accueil\",\"item\":\"https:\\\/\\\/petitvip.com\\\/fr\\\/\"},{\"@type\":\"ListItem\",\"position\":2,\"name\":\"Famille\",\"item\":\"https:\\\/\\\/petitvip.com\\\/fr\\\/famille\\\/\"},{\"@type\":\"ListItem\",\"position\":3,\"name\":\"Smart Camp\"}]},{\"@type\":\"WebSite\",\"@id\":\"https:\\\/\\\/petitvip.com\\\/fr\\\/#website\",\"url\":\"https:\\\/\\\/petitvip.com\\\/fr\\\/\",\"name\":\"Petit VIP\",\"description\":\"More than a Kids Club\",\"potentialAction\":[{\"@type\":\"SearchAction\",\"target\":{\"@type\":\"EntryPoint\",\"urlTemplate\":\"https:\\\/\\\/petitvip.com\\\/fr\\\/?s={search_term_string}\"},\"query-input\":{\"@type\":\"PropertyValueSpecification\",\"valueRequired\":true,\"valueName\":\"search_term_string\"}}],\"inLanguage\":\"fr-FR\"}]}<\/script>\n<!-- \/ Yoast SEO plugin. -->","yoast_head_json":{"title":"Petit VIP Smart Camps | Forges lasting memories with new friends","description":"In addition to fun and development-stimulating activities, \"Smart Camp\" forges lasting memories with new friends and qualified coaches from all over the world.","robots":{"index":"index","follow":"follow","max-snippet":"max-snippet:-1","max-image-preview":"max-image-preview:large","max-video-preview":"max-video-preview:-1"},"canonical":"https:\/\/petitvip.com\/fr\/famille\/smart-camp\/","og_locale":"fr_FR","og_type":"article","og_title":"Petit VIP Smart Camps | Forges lasting memories with new friends","og_description":"In addition to fun and development-stimulating activities, \"Smart Camp\" forges lasting memories with new friends and qualified coaches from all over the world.","og_url":"https:\/\/petitvip.com\/fr\/famille\/smart-camp\/","og_site_name":"Petit VIP","article_modified_time":"2021-05-20T09:26:11+00:00","og_image":[{"width":1920,"height":1280,"url":"https:\/\/petitvip.com\/wp-content\/uploads\/2020\/07\/petit-vip-academy-01.jpg","type":"image\/jpeg"}],"twitter_card":"summary_large_image","twitter_misc":{"Dur\u00e9e de lecture estim\u00e9e":"3 minutes"},"schema":{"@context":"https:\/\/schema.org","@graph":[{"@type":"WebPage","@id":"https:\/\/petitvip.com\/fr\/famille\/smart-camp\/","url":"https:\/\/petitvip.com\/fr\/famille\/smart-camp\/","name":"Petit VIP Smart Camps | Forges lasting memories with new friends","isPartOf":{"@id":"https:\/\/petitvip.com\/fr\/#website"},"primaryImageOfPage":{"@id":"https:\/\/petitvip.com\/fr\/famille\/smart-camp\/#primaryimage"},"image":{"@id":"https:\/\/petitvip.com\/fr\/famille\/smart-camp\/#primaryimage"},"thumbnailUrl":"https:\/\/petitvip.com\/wp-content\/uploads\/2020\/07\/petit-vip-academy-01.jpg","datePublished":"2021-04-10T12:28:02+00:00","dateModified":"2021-05-20T09:26:11+00:00","description":"In addition to fun and development-stimulating activities, \"Smart Camp\" forges lasting memories with new friends and qualified coaches from all over the world.","breadcrumb":{"@id":"https:\/\/petitvip.com\/fr\/famille\/smart-camp\/#breadcrumb"},"inLanguage":"fr-FR","potentialAction":[{"@type":"ReadAction","target":["https:\/\/petitvip.com\/fr\/famille\/smart-camp\/"]}]},{"@type":"ImageObject","inLanguage":"fr-FR","@id":"https:\/\/petitvip.com\/fr\/famille\/smart-camp\/#primaryimage","url":"https:\/\/petitvip.com\/wp-content\/uploads\/2020\/07\/petit-vip-academy-01.jpg","contentUrl":"https:\/\/petitvip.com\/wp-content\/uploads\/2020\/07\/petit-vip-academy-01.jpg","width":1920,"height":1280},{"@type":"BreadcrumbList","@id":"https:\/\/petitvip.com\/fr\/famille\/smart-camp\/#breadcrumb","itemListElement":[{"@type":"ListItem","position":1,"name":"Accueil","item":"https:\/\/petitvip.com\/fr\/"},{"@type":"ListItem","position":2,"name":"Famille","item":"https:\/\/petitvip.com\/fr\/famille\/"},{"@type":"ListItem","position":3,"name":"Smart Camp"}]},{"@type":"WebSite","@id":"https:\/\/petitvip.com\/fr\/#website","url":"https:\/\/petitvip.com\/fr\/","name":"Petit VIP","description":"More than a Kids Club","potentialAction":[{"@type":"SearchAction","target":{"@type":"EntryPoint","urlTemplate":"https:\/\/petitvip.com\/fr\/?s={search_term_string}"},"query-input":{"@type":"PropertyValueSpecification","valueRequired":true,"valueName":"search_term_string"}}],"inLanguage":"fr-FR"}]}},"_links":{"self":[{"href":"https:\/\/petitvip.com\/fr\/wp-json\/wp\/v2\/pages\/8013","targetHints":{"allow":["GET"]}}],"collection":[{"href":"https:\/\/petitvip.com\/fr\/wp-json\/wp\/v2\/pages"}],"about":[{"href":"https:\/\/petitvip.com\/fr\/wp-json\/wp\/v2\/types\/page"}],"author":[{"embeddable":true,"href":"https:\/\/petitvip.com\/fr\/wp-json\/wp\/v2\/users\/1"}],"replies":[{"embeddable":true,"href":"https:\/\/petitvip.com\/fr\/wp-json\/wp\/v2\/comments?post=8013"}],"version-history":[{"count":0,"href":"https:\/\/petitvip.com\/fr\/wp-json\/wp\/v2\/pages\/8013\/revisions"}],"up":[{"embeddable":true,"href":"https:\/\/petitvip.com\/fr\/wp-json\/wp\/v2\/pages\/7142"}],"wp:featuredmedia":[{"embeddable":true,"href":"https:\/\/petitvip.com\/fr\/wp-json\/wp\/v2\/media\/7658"}],"wp:attachment":[{"href":"https:\/\/petitvip.com\/fr\/wp-json\/wp\/v2\/media?parent=8013"}],"curies":[{"name":"wp","href":"https:\/\/api.w.org\/{rel}","templated":true}]}}